{"id":1026,"date":"2022-10-14T08:07:37","date_gmt":"2022-10-14T08:07:37","guid":{"rendered":"https:\/\/biocom-madagascar.org\/fr\/?page_id=1026"},"modified":"2024-02-09T09:22:56","modified_gmt":"2024-02-09T09:22:56","slug":"media-gallerie","status":"publish","type":"page","link":"https:\/\/www.biocom-madagascar.org\/fr\/media-gallerie\/","title":{"rendered":"media gallerie"},"content":{"rendered":"\n<div class=\"wp-block-uagb-container uagb-block-dcad8194 alignfull uagb-is-root-container\"><div class=\"uagb-container-inner-blocks-wrap\">\n<div style=\"height:300px\" aria-hidden=\"true\" class=\" wp-block-spacer eplus-wrapper\"><\/div>\n\n\n\n<h1 class=\" wp-block-heading has-text-align-center has-ast-global-color-5-color has-text-color eplus-wrapper\" style=\"font-size:60px\">media gallerie<\/h1>\n\n\n\n<div style=\"height:60px\" aria-hidden=\"true\" class=\" wp-block-spacer eplus-wrapper\"><\/div>\n\n\n\n<figure class=\" animated pulseGrow duration1 infinite eds-on-hover wp-block-image aligncenter size-full is-resized eplus-wrapper\"><a href=\"https:\/\/www.biocom-madagascar.org\/fr\/media-gallerie\/#nos-sites\"><img decoding=\"async\" src=\"https:\/\/www.biocom-madagascar.org\/wp-content\/uploads\/2022\/10\/scroll-1-1.png\" alt=\"\" class=\"wp-image-1178\" style=\"width:50px;height:50px\"\/><\/a><\/figure>\n<\/div><\/div>\n\n\n\n<div class=\"wp-block-uagb-container uagb-block-b5d3e508 alignfull uagb-is-root-container\"><div class=\"uagb-container-inner-blocks-wrap\"><div class=\"wp-block-columns eplus-wrapper is-layout-flex wp-container-core-columns-is-layout-28f84493 wp-block-columns-is-layout-flex eplus-styles-uid-a20d9e\">\n<div class=\"wp-block-column eplus-wrapper is-layout-flow wp-block-column-is-layout-flow\">\n<h2 class=\" wp-block-heading has-text-align-center eplus-wrapper\" id=\"nos-sites\">Nos sites<\/h2>\n\n\n<div class=\"wp-block-columns eplus-wrapper is-layout-flex wp-container-core-columns-is-layout-28f84493 wp-block-columns-is-layout-flex eplus-styles-uid-09cdbd\">\n<div class=\"wp-block-column eplus-wrapper is-layout-flow wp-block-column-is-layout-flow\"><\/div>\n<\/div>\n\n\n<div class=\"wp-block-uagb-tabs uagb-block-8a6305f6 uagb-tabs__wrap uagb-tabs__hstyle3-desktop uagb-tabs__vstyle6-tablet uagb-tabs__stack1-mobile\" data-tab-active=\"0\"><ul class=\"uagb-tabs__panel uagb-tabs__align-center\" role=\"tablist\"><li class=\"uagb-tab uagb-tabs__active\" role=\"none\"><a href=\"#uagb-tabs__tab0\" class=\"uagb-tabs-list uagb-tabs__icon-position-left\" data-tab=\"0\" role=\"tab\">Parc National de Marojejy<\/a><\/li><li class=\"uagb-tab \" role=\"none\"><a href=\"#uagb-tabs__tab1\" class=\"uagb-tabs-list uagb-tabs__icon-position-left\" data-tab=\"1\" role=\"tab\">Parc National d&rsquo;Andohahela<\/a><\/li><li class=\"uagb-tab \" role=\"none\"><a href=\"#uagb-tabs__tab2\" class=\"uagb-tabs-list uagb-tabs__icon-position-left\" data-tab=\"2\" role=\"tab\">Paysage Harmonieux Prot\u00e9g\u00e9 Montagne des Fran\u00e7ais<\/a><\/li><\/ul><div class=\"uagb-tabs__body-wrap\">\n<div class=\"wp-block-uagb-tabs-child uagb-tabs__body-container uagb-inner-tab-0\" aria-labelledby=\"uagb-tabs__tab0\">\n<p class=\" eplus-wrapper\"><strong>Le parc national de Marojejy<\/strong> est situ\u00e9 dans le nord-est de Madagascar, sur les pentes de la montagne sacr\u00e9e, dans la province de Sava. Le parc national s&rsquo;\u00e9tend sur 55 500 hectares et prot\u00e8ge l&rsquo;ensemble du massif du Marojejy. Les for\u00eats, qui vont de la for\u00eat pluviale de basse altitude au maquis montagnard de haute altitude, abritent une liste impressionnante de plantes et d&rsquo;animaux.<\/p>\n\n\n\n<div class=\"wp-block-image-gallery-block-image-gallery-block aligncenter\"><div class=\"eb-parent-wrapper eb-parent-eb-image-gallery-yohe7e9 \"><div class=\"eb-gallery-img-wrapper eb-image-gallery-yohe7e9 grid overlay-bottom caption-style-0  \" data-id=\"eb-image-gallery-yohe7e9\"><a href=\"https:\/\/www.biocom-madagascar.org\/wp-content\/uploads\/2022\/10\/DJI_0258_web.jpg\" id=\"eb-gallery-img-content\" data-fslightbox=\"gallery\" data-type=\"image\" class=\"eb-gallery-img-content eb-filter-img-\"><span class=\"eb-gallery-link-wrapper\"><img decoding=\"async\" class=\"eb-gallery-img\" src=\"https:\/\/www.biocom-madagascar.org\/wp-content\/uploads\/2022\/10\/DJI_0258_web.jpg\" image-index=\"0\" alt=\"\"><\/span><\/a><a href=\"https:\/\/www.biocom-madagascar.org\/wp-content\/uploads\/2022\/10\/DJI_0286_web-1.jpg\" id=\"eb-gallery-img-content\" data-fslightbox=\"gallery\" data-type=\"image\" class=\"eb-gallery-img-content eb-filter-img-\"><span class=\"eb-gallery-link-wrapper\"><img decoding=\"async\" class=\"eb-gallery-img\" src=\"https:\/\/www.biocom-madagascar.org\/wp-content\/uploads\/2022\/10\/DJI_0286_web-1.jpg\" image-index=\"1\" alt=\"\"><\/span><\/a><a href=\"https:\/\/www.biocom-madagascar.org\/wp-content\/uploads\/2022\/10\/IMG_4656_web.jpg\" id=\"eb-gallery-img-content\" data-fslightbox=\"gallery\" data-type=\"image\" class=\"eb-gallery-img-content eb-filter-img-\"><span class=\"eb-gallery-link-wrapper\"><img decoding=\"async\" class=\"eb-gallery-img\" src=\"https:\/\/www.biocom-madagascar.org\/wp-content\/uploads\/2022\/10\/IMG_4656_web.jpg\" image-index=\"2\" alt=\"\"><\/span><\/a><a href=\"https:\/\/www.biocom-madagascar.org\/wp-content\/uploads\/2022\/10\/IMG_5011_web.jpg\" id=\"eb-gallery-img-content\" data-fslightbox=\"gallery\" data-type=\"image\" class=\"eb-gallery-img-content eb-filter-img-\"><span class=\"eb-gallery-link-wrapper\"><img decoding=\"async\" class=\"eb-gallery-img\" src=\"https:\/\/www.biocom-madagascar.org\/wp-content\/uploads\/2022\/10\/IMG_5011_web.jpg\" image-index=\"3\" alt=\"\"><\/span><\/a><a href=\"https:\/\/www.biocom-madagascar.org\/wp-content\/uploads\/2022\/10\/IMG_5193_web.jpg\" id=\"eb-gallery-img-content\" data-fslightbox=\"gallery\" data-type=\"image\" class=\"eb-gallery-img-content eb-filter-img-\"><span class=\"eb-gallery-link-wrapper\"><img decoding=\"async\" class=\"eb-gallery-img\" src=\"https:\/\/www.biocom-madagascar.org\/wp-content\/uploads\/2022\/10\/IMG_5193_web.jpg\" image-index=\"4\" alt=\"\"><\/span><\/a><a href=\"https:\/\/www.biocom-madagascar.org\/wp-content\/uploads\/2022\/10\/IMG_5234_web.jpg\" id=\"eb-gallery-img-content\" data-fslightbox=\"gallery\" data-type=\"image\" class=\"eb-gallery-img-content eb-filter-img-\"><span class=\"eb-gallery-link-wrapper\"><img decoding=\"async\" class=\"eb-gallery-img\" src=\"https:\/\/www.biocom-madagascar.org\/wp-content\/uploads\/2022\/10\/IMG_5234_web.jpg\" image-index=\"5\" alt=\"\"><\/span><\/a><\/div><\/div><\/div>\n<\/div>\n\n\n\n<div class=\"wp-block-uagb-tabs-child uagb-tabs__body-container uagb-inner-tab-1\" aria-labelledby=\"uagb-tabs__tab1\">\n<p class=\" eplus-wrapper\"><strong>Le parc national d&rsquo;Andohahela<\/strong>, dans le sud-est de Madagascar, est remarquable pour les habitats extr\u00eames qui y sont repr\u00e9sent\u00e9s. Le parc couvre 760 km\u00b2 de la cha\u00eene de montagnes Anosy, l&rsquo;\u00e9peron le plus m\u00e9ridional des Hautes Terres malgaches, et contient les derni\u00e8res for\u00eats humides de la partie m\u00e9ridionale de Madagascar.<\/p>\n\n\n\n<div class=\"wp-block-image-gallery-block-image-gallery-block aligncenter\"><div class=\"eb-parent-wrapper eb-parent-eb-image-gallery-0bwqeal \"><div class=\"eb-gallery-img-wrapper eb-image-gallery-0bwqeal grid overlay-bottom caption-style-0  \" data-id=\"eb-image-gallery-0bwqeal\"><a href=\"https:\/\/www.biocom-madagascar.org\/wp-content\/uploads\/2022\/10\/DJI_0245_web-1.jpg\" id=\"eb-gallery-img-content\" data-fslightbox=\"gallery\" data-type=\"image\" class=\"eb-gallery-img-content eb-filter-img-\"><span class=\"eb-gallery-link-wrapper\"><img decoding=\"async\" class=\"eb-gallery-img\" src=\"https:\/\/www.biocom-madagascar.org\/wp-content\/uploads\/2022\/10\/DJI_0245_web-1.jpg\" image-index=\"0\" alt=\"La composante 2 du projet BIOCOM vise \u00e0 diminuer les pressions sur les aires prot\u00e9g\u00e9es en soutenant les moyens de subsistance, en augmentant leurs revenus, ainsi que d'am\u00e9liorer le bien-\u00eatre des communaut\u00e9s locales. Des b\u00e9n\u00e9ficiaires de la commune Rurale d'Andasibe Kobahina b\u00e9n\u00e9ficient, par le biais du projet BIOCOM, de formation en apiculture afin d'appuyer les activit\u00e9s g\u00e9n\u00e9ratrices de revenus d\u00e9j\u00e0 en place.\"><\/span><\/a><a href=\"https:\/\/www.biocom-madagascar.org\/wp-content\/uploads\/2022\/10\/IMG_4652_web.jpg\" id=\"eb-gallery-img-content\" data-fslightbox=\"gallery\" data-type=\"image\" class=\"eb-gallery-img-content eb-filter-img-\"><span class=\"eb-gallery-link-wrapper\"><img decoding=\"async\" class=\"eb-gallery-img\" src=\"https:\/\/www.biocom-madagascar.org\/wp-content\/uploads\/2022\/10\/IMG_4652_web.jpg\" image-index=\"1\" alt=\"La composante 2 du projet BIOCOM vise \u00e0 diminuer les pressions sur les aires prot\u00e9g\u00e9es en soutenant les moyens de subsistance, en augmentant leurs revenus, ainsi qu'\u00e0 am\u00e9liorer le bien-\u00eatre des communaut\u00e9s locales.\"><\/span><\/a><a href=\"https:\/\/www.biocom-madagascar.org\/wp-content\/uploads\/2022\/10\/IMG_4673_web.jpg\" id=\"eb-gallery-img-content\" data-fslightbox=\"gallery\" data-type=\"image\" class=\"eb-gallery-img-content eb-filter-img-\"><span class=\"eb-gallery-link-wrapper\"><img decoding=\"async\" class=\"eb-gallery-img\" src=\"https:\/\/www.biocom-madagascar.org\/wp-content\/uploads\/2022\/10\/IMG_4673_web.jpg\" image-index=\"2\" alt=\"La composante 2 du projet BIOCOM vise \u00e0 diminuer les pressions sur les aires prot\u00e9g\u00e9es en soutenant les moyens de subsistance, en augmentant leurs revenus, ainsi qu'\u00e0 am\u00e9liorer le bien-\u00eatre des communaut\u00e9s locales.\"><\/span><\/a><a href=\"https:\/\/www.biocom-madagascar.org\/wp-content\/uploads\/2022\/10\/IMG_4859_web.jpg\" id=\"eb-gallery-img-content\" data-fslightbox=\"gallery\" data-type=\"image\" class=\"eb-gallery-img-content eb-filter-img-\"><span class=\"eb-gallery-link-wrapper\"><img decoding=\"async\" class=\"eb-gallery-img\" src=\"https:\/\/www.biocom-madagascar.org\/wp-content\/uploads\/2022\/10\/IMG_4859_web.jpg\" image-index=\"3\" alt=\"La composante 2 du projet BIOCOM vise \u00e0 diminuer les pressions sur les aires prot\u00e9g\u00e9es en soutenant les moyens de subsistance, en augmentant leurs revenus, ainsi que d'am\u00e9liorer le bien-\u00eatre des communaut\u00e9s locales. Une distribution d'alevin ( carpes ) est effectu\u00e9 dans le fokotany d'Andranomifototra de la commune de Maroambihy. Avec la mise en place de bassin piscicole, les b\u00e9n\u00e9ficiaires ont la possibilit\u00e9 de se lancer dans la pisciculture qui sera accompagner par une formation dans ce domaine\"><\/span><\/a><a href=\"https:\/\/www.biocom-madagascar.org\/wp-content\/uploads\/2022\/10\/IMG_4886_web.jpg\" id=\"eb-gallery-img-content\" data-fslightbox=\"gallery\" data-type=\"image\" class=\"eb-gallery-img-content eb-filter-img-\"><span class=\"eb-gallery-link-wrapper\"><img decoding=\"async\" class=\"eb-gallery-img\" src=\"https:\/\/www.biocom-madagascar.org\/wp-content\/uploads\/2022\/10\/IMG_4886_web.jpg\" image-index=\"4\" alt=\"La composante 2 du projet BIOCOM vise \u00e0 diminuer les pressions sur les aires prot\u00e9g\u00e9es en soutenant les moyens de subsistance, en augmentant leurs revenus, ainsi que d'am\u00e9liorer le bien-\u00eatre des communaut\u00e9s locales. Une distribution d'alevin ( carpes ) est effectu\u00e9 dans le fokotany d'Andranomifototra de la commune de Maroambihy. Avec la mise en place de bassin piscicole, les b\u00e9n\u00e9ficiaires ont la possibilit\u00e9 de se lancer dans la pisciculture qui sera accompagner par une formation dans ce domaine\"><\/span><\/a><a href=\"https:\/\/www.biocom-madagascar.org\/wp-content\/uploads\/2022\/10\/IMG_5838_web.jpg\" id=\"eb-gallery-img-content\" data-fslightbox=\"gallery\" data-type=\"image\" class=\"eb-gallery-img-content eb-filter-img-\"><span class=\"eb-gallery-link-wrapper\"><img decoding=\"async\" class=\"eb-gallery-img\" src=\"https:\/\/www.biocom-madagascar.org\/wp-content\/uploads\/2022\/10\/IMG_5838_web.jpg\" image-index=\"5\" alt=\"La composante 2 du projet BIOCOM vise \u00e0 diminuer les pressions sur les aires prot\u00e9g\u00e9es en soutenant les moyens de subsistance, en augmentant leurs revenus, ainsi que d'am\u00e9liorer le bien-\u00eatre des communaut\u00e9s locales. Les circuits touristiques sont des sources de revenus directes provenant des visiteurs du parc. Les esp\u00e8ces phares et embl\u00e9matiques du parc jouent ainsi un r\u00f4le important dans la publicit\u00e9 et vente des circuits aux visiteurs.  Portrait d'une esp\u00e8ce de gecko nocturne : Paroedura gracilis du Parc National de Marojejy.\"><\/span><\/a><\/div><\/div><\/div>\n<\/div>\n\n\n\n<div class=\"wp-block-uagb-tabs-child uagb-tabs__body-container uagb-inner-tab-2\" aria-labelledby=\"uagb-tabs__tab2\">\n<p class=\" eplus-wrapper\"><strong>Le paysage harmonieux prot\u00e9g\u00e9 de la Montagne des Fran\u00e7ais<\/strong> prot\u00e8ge la for\u00eat s\u00e8che \u00e0 feuilles caduques caract\u00e9ristique du nord de Madagascar. Une grande partie de la for\u00eat se trouve sur un massif calcaire qui a \u00e9t\u00e9 \u00e9rod\u00e9 en formations karstiques connues localement sous le nom d&rsquo;Antsingy. La zone foresti\u00e8re s&rsquo;\u00e9tend de 100 \u00e0 450 m\u00e8tres au-dessus du niveau de la mer. On pense que cette montagne re\u00e7oit plus de pluie que la r\u00e9gion environnante (Antsiranana re\u00e7oit environ 1000 mm de pr\u00e9cipitations par an), ce qui explique la v\u00e9g\u00e9tation luxuriante dans une zone bioclimatique par ailleurs tr\u00e8s s\u00e8che.<\/p>\n\n\n\n<div class=\"wp-block-image-gallery-block-image-gallery-block\"><div class=\"eb-parent-wrapper eb-parent-eb-image-gallery-eg98e44 \"><div class=\"eb-gallery-img-wrapper eb-image-gallery-eg98e44 grid overlay-bottom caption-style-0  \" data-id=\"eb-image-gallery-eg98e44\"><a href=\"https:\/\/www.biocom-madagascar.org\/wp-content\/uploads\/2022\/10\/DJI_0279_web.jpg\" id=\"eb-gallery-img-content\" data-fslightbox=\"gallery\" data-type=\"image\" class=\"eb-gallery-img-content eb-filter-img-\"><span class=\"eb-gallery-link-wrapper\"><img decoding=\"async\" class=\"eb-gallery-img\" src=\"https:\/\/www.biocom-madagascar.org\/wp-content\/uploads\/2022\/10\/DJI_0279_web.jpg\" image-index=\"0\" alt=\"Bien que le Parc National de Marojejy fait partie int\u00e9grante du Patrimoine Mondial en tant que for\u00eat humide de l'Est, cette Aire Prot\u00e9g\u00e9e pr\u00e9sente un recul important de sa superficie foresti\u00e9re \u00e0 cause de diverses menaces : la d\u00e9forestation au b\u00e9n\u00e9fice de la culture du riz, la d\u00e9gradation de la for\u00eat au b\u00e9n\u00e9fice de la culture de vanille, les coupes de bois s\u00e9lective en pleine for\u00eat pour les bois de construction,...\"><\/span><\/a><a href=\"https:\/\/www.biocom-madagascar.org\/wp-content\/uploads\/2022\/10\/IMG_4690_web-1.jpg\" id=\"eb-gallery-img-content\" data-fslightbox=\"gallery\" data-type=\"image\" class=\"eb-gallery-img-content eb-filter-img-\"><span class=\"eb-gallery-link-wrapper\"><img decoding=\"async\" class=\"eb-gallery-img\" src=\"https:\/\/www.biocom-madagascar.org\/wp-content\/uploads\/2022\/10\/IMG_4690_web-1.jpg\" image-index=\"1\" alt=\"Bien que le Parc National de Marojejy fait partie int\u00e9grante du Patrimoine Mondial en tant que for\u00eat humide de l'Est, cette Aire Prot\u00e9g\u00e9e pr\u00e9sente un recul important de sa superficie foresti\u00e9re \u00e0 cause de diverses menaces : la d\u00e9forestation au b\u00e9n\u00e9fice de la culture du riz, la d\u00e9gradation de la for\u00eat au b\u00e9n\u00e9fice de la culture de vanille, les coupes de bois s\u00e9lective en pleine for\u00eat pour les bois de construction,...\"><\/span><\/a><a href=\"https:\/\/www.biocom-madagascar.org\/wp-content\/uploads\/2022\/10\/IMG_5042_web.jpg\" id=\"eb-gallery-img-content\" data-fslightbox=\"gallery\" data-type=\"image\" class=\"eb-gallery-img-content eb-filter-img-\"><span class=\"eb-gallery-link-wrapper\"><img decoding=\"async\" class=\"eb-gallery-img\" src=\"https:\/\/www.biocom-madagascar.org\/wp-content\/uploads\/2022\/10\/IMG_5042_web.jpg\" image-index=\"2\" alt=\"Bien que le Parc National de Marojejy fait partie int\u00e9grante du Patrimoine Mondial en tant que for\u00eat humide de l'Est, cette Aire Prot\u00e9g\u00e9e pr\u00e9sente un recul important de sa superficie foresti\u00e9re \u00e0 cause de diverses menaces : la d\u00e9forestation au b\u00e9n\u00e9fice de la culture du riz, la d\u00e9gradation de la for\u00eat au b\u00e9n\u00e9fice de la culture de vanille, les coupes de bois s\u00e9lective en pleine for\u00eat pour les bois de construction,... Le parc National de Marojejy subit chaque jour des pressions li\u00e9es \u00e0 la coupe de bois. Ceci est li\u00e9 au besoins croissant de la population qui en vient \u00e0 p\u00e9n\u00e9trer dans le parc pour se procurer essentiellement en bois de construction. A cela s'ajoute la culture de vanille qui s'approche dangereusement des limites du parc. Limites ou la zone de protection est devenue zone agricole.\"><\/span><\/a><a href=\"https:\/\/www.biocom-madagascar.org\/wp-content\/uploads\/2022\/10\/IMG_5047_web.jpg\" id=\"eb-gallery-img-content\" data-fslightbox=\"gallery\" data-type=\"image\" class=\"eb-gallery-img-content eb-filter-img-\"><span class=\"eb-gallery-link-wrapper\"><img decoding=\"async\" class=\"eb-gallery-img\" src=\"https:\/\/www.biocom-madagascar.org\/wp-content\/uploads\/2022\/10\/IMG_5047_web.jpg\" image-index=\"3\" alt=\"Le parc National de Marojejy subit chaque jour des pressions li\u00e9es \u00e0 la coupe de bois. Ceci est li\u00e9 au besoins croissant de la population qui en vient \u00e0 p\u00e9n\u00e9trer dans le parc pour se procurer essentiellement en bois de construction. A cela s'ajoute la culture de vanille qui s'approche dangereusement des limites du parc. Limites ou la zone de protection est devenue zone agricole.\"><\/span><\/a><a href=\"https:\/\/www.biocom-madagascar.org\/wp-content\/uploads\/2022\/10\/NIC_3403_web.jpg\" id=\"eb-gallery-img-content\" data-fslightbox=\"gallery\" data-type=\"image\" class=\"eb-gallery-img-content eb-filter-img-\"><span class=\"eb-gallery-link-wrapper\"><img decoding=\"async\" class=\"eb-gallery-img\" src=\"https:\/\/www.biocom-madagascar.org\/wp-content\/uploads\/2022\/10\/NIC_3403_web.jpg\" image-index=\"4\" alt=\"Bien que le Parc National de Marojejy fait partie int\u00e9grante du Patrimoine Mondial en tant que for\u00eat humide de l'Est, cette Aire Prot\u00e9g\u00e9e pr\u00e9sente un recul important de sa superficie foresti\u00e9re \u00e0 cause de diverses menaces : la d\u00e9forestation au b\u00e9n\u00e9fice de la culture du riz, la d\u00e9gradation de la for\u00eat au b\u00e9n\u00e9fice de la culture de vanille, les coupes de bois s\u00e9lective en pleine for\u00eat pour les bois de construction,...\"><\/span><\/a><a href=\"https:\/\/www.biocom-madagascar.org\/wp-content\/uploads\/2022\/10\/IMG_4652_web.jpg\" id=\"eb-gallery-img-content\" data-fslightbox=\"gallery\" data-type=\"image\" class=\"eb-gallery-img-content eb-filter-img-\"><span class=\"eb-gallery-link-wrapper\"><img decoding=\"async\" class=\"eb-gallery-img\" src=\"https:\/\/www.biocom-madagascar.org\/wp-content\/uploads\/2022\/10\/IMG_4652_web.jpg\" image-index=\"5\" alt=\"\"><\/span><\/a><\/div><\/div><\/div>\n<\/div>\n\n\n\n<div class=\"wp-block-uagb-tabs-child uagb-tabs__body-container uagb-inner-tab-3\" aria-labelledby=\"uagb-tabs__tab3\">\n<p class=\" eplus-wrapper\">Lorem ipsum dolor sit amet, consectetur adipiscing elit. Ut elit tellus, luctus nec ullamcorper mattis, pulvinar dapibus leo.<\/p>\n<\/div>\n<\/div><\/div>\n\n\n\n<p class=\" eplus-wrapper\"><\/p>\n<\/div>\n<\/div><\/div><\/div>\n","protected":false},"excerpt":{"rendered":"<p>media gallerie Nos sites<\/p>\n","protected":false},"author":1,"featured_media":0,"parent":0,"menu_order":0,"comment_status":"closed","ping_status":"closed","template":"","meta":{"_editorskit_title_hidden":false,"_editorskit_reading_time":2,"_editorskit_is_block_options_detached":false,"_editorskit_block_options_position":"{}","_eb_attr":"","om_disable_all_campaigns":false,"_uag_custom_page_level_css":"","editor_plus_copied_stylings":"{}","_monsterinsights_skip_tracking":false,"_monsterinsights_sitenote_active":false,"_monsterinsights_sitenote_note":"","_monsterinsights_sitenote_category":0,"site-sidebar-layout":"no-sidebar","site-content-layout":"plain-container","ast-site-content-layout":"normal-width-container","site-content-style":"unboxed","site-sidebar-style":"unboxed","ast-global-header-display":"","ast-banner-title-visibility":"","ast-main-header-display":"","ast-hfb-above-header-display":"","ast-hfb-below-header-display":"","ast-hfb-mobile-header-display":"","site-post-title":"disabled","ast-breadcrumbs-content":"","ast-featured-img":"disabled","footer-sml-layout":"","theme-transparent-header-meta":"enabled","adv-header-id-meta":"","stick-header-meta":"","header-above-stick-meta":"","header-main-stick-meta":"","header-below-stick-meta":"","astra-migrate-meta-layouts":"set","ast-page-background-enabled":"default","ast-page-background-meta":{"desktop":{"background-color":"","background-image":"","background-repeat":"repeat","background-position":"center center","background-size":"auto","background-attachment":"scroll","background-type":"","background-media":"","overlay-type":"","overlay-color":"","overlay-gradient":""},"tablet":{"background-color":"","background-image":"","background-repeat":"repeat","background-position":"center center","background-size":"auto","background-attachment":"scroll","background-type":"","background-media":"","overlay-type":"","overlay-color":"","overlay-gradient":""},"mobile":{"background-color":"","background-image":"","background-repeat":"repeat","background-position":"center center","background-size":"auto","background-attachment":"scroll","background-type":"","background-media":"","overlay-type":"","overlay-color":"","overlay-gradient":""}},"ast-content-background-meta":{"desktop":{"background-color":"var(--ast-global-color-5)","background-image":"","background-repeat":"repeat","background-position":"center center","background-size":"auto","background-attachment":"scroll","background-type":"","background-media":"","overlay-type":"","overlay-color":"","overlay-gradient":""},"tablet":{"background-color":"var(--ast-global-color-5)","background-image":"","background-repeat":"repeat","background-position":"center center","background-size":"auto","background-attachment":"scroll","background-type":"","background-media":"","overlay-type":"","overlay-color":"","overlay-gradient":""},"mobile":{"background-color":"var(--ast-global-color-5)","background-image":"","background-repeat":"repeat","background-position":"center center","background-size":"auto","background-attachment":"scroll","background-type":"","background-media":"","overlay-type":"","overlay-color":"","overlay-gradient":""}},"footnotes":""},"class_list":["post-1026","page","type-page","status-publish","hentry"],"aioseo_notices":[],"uagb_featured_image_src":{"full":false,"thumbnail":false,"medium":false,"medium_large":false,"large":false,"1536x1536":false,"2048x2048":false},"uagb_author_info":{"display_name":"BiocomMadagascar","author_link":"https:\/\/www.biocom-madagascar.org\/fr\/author\/biocommadagascar\/"},"uagb_comment_info":0,"uagb_excerpt":"media gallerie Nos sites","_links":{"self":[{"href":"https:\/\/www.biocom-madagascar.org\/fr\/wp-json\/wp\/v2\/pages\/1026","targetHints":{"allow":["GET"]}}],"collection":[{"href":"https:\/\/www.biocom-madagascar.org\/fr\/wp-json\/wp\/v2\/pages"}],"about":[{"href":"https:\/\/www.biocom-madagascar.org\/fr\/wp-json\/wp\/v2\/types\/page"}],"author":[{"embeddable":true,"href":"https:\/\/www.biocom-madagascar.org\/fr\/wp-json\/wp\/v2\/users\/1"}],"replies":[{"embeddable":true,"href":"https:\/\/www.biocom-madagascar.org\/fr\/wp-json\/wp\/v2\/comments?post=1026"}],"version-history":[{"count":11,"href":"https:\/\/www.biocom-madagascar.org\/fr\/wp-json\/wp\/v2\/pages\/1026\/revisions"}],"predecessor-version":[{"id":1364,"href":"https:\/\/www.biocom-madagascar.org\/fr\/wp-json\/wp\/v2\/pages\/1026\/revisions\/1364"}],"wp:attachment":[{"href":"https:\/\/www.biocom-madagascar.org\/fr\/wp-json\/wp\/v2\/media?parent=1026"}],"curies":[{"name":"wp","href":"https:\/\/api.w.org\/{rel}","templated":true}]}}