{"id":1098,"date":"2022-10-21T10:39:08","date_gmt":"2022-10-21T10:39:08","guid":{"rendered":"https:\/\/www.biocom-madagascar.org\/fr\/?page_id=1098"},"modified":"2024-09-09T11:33:28","modified_gmt":"2024-09-09T11:33:28","slug":"publications","status":"publish","type":"page","link":"https:\/\/www.biocom-madagascar.org\/fr\/publications\/","title":{"rendered":"Publications"},"content":{"rendered":"\n<div class=\"wp-block-uagb-container uagb-block-72c45139 alignfull uagb-is-root-container\"><div class=\"uagb-container-inner-blocks-wrap\">\n<div style=\"height:300px\" aria-hidden=\"true\" class=\" wp-block-spacer eplus-wrapper\"><\/div>\n\n\n\n<h1 class=\" wp-block-heading has-text-align-center has-ast-global-color-5-color has-text-color eplus-wrapper\">Publications<\/h1>\n\n\n\n<div style=\"height:60px\" aria-hidden=\"true\" class=\" wp-block-spacer eplus-wrapper\"><\/div>\n\n\n\n<figure class=\" animated pulseGrow duration1 infinite eds-on-hover wp-block-image aligncenter size-full is-resized eplus-wrapper\"><img decoding=\"async\" src=\"https:\/\/www.biocom-madagascar.org\/wp-content\/uploads\/2022\/10\/scroll-1-1.png\" alt=\"\" class=\"wp-image-1178\" style=\"width:50px;height:50px\"\/><\/figure>\n<\/div><\/div>\n\n\n\n<div class=\"wp-block-uagb-container uagb-block-7c852770 alignfull uagb-is-root-container\"><div class=\"uagb-container-inner-blocks-wrap\"><div class=\"wp-block-columns has-ffffff-background-color has-background has-#ffffff-background-color eplus-wrapper is-layout-flex wp-container-core-columns-is-layout-28f84493 wp-block-columns-is-layout-flex eplus-styles-uid-8b42ee\">\n<div class=\"wp-block-column eplus-wrapper is-layout-flow wp-block-column-is-layout-flow\">\n<h2 class=\" wp-block-heading has-text-align-center eplus-wrapper\">Publications<\/h2>\n\n\n\n<p class=\" eplus-wrapper\">Retrouvez ici les diff\u00e9rentes publications concernant les activit\u00e9s du projet BIOCOM<\/p>\n\n\n<div class=\"wp-block-columns eplus-wrapper is-layout-flex wp-container-core-columns-is-layout-28f84493 wp-block-columns-is-layout-flex eplus-styles-uid-e760e1\">\n<div class=\"wp-block-column eplus-wrapper is-layout-flow wp-block-column-is-layout-flow\">\n<div class=\" wp-block-cover alignfull is-light eplus-wrapper\"><span aria-hidden=\"true\" class=\"wp-block-cover__background has-background-dim-20 has-background-dim\"><\/span><img decoding=\"async\" class=\"wp-block-cover__image-background wp-image-1222\" alt=\"\" src=\"https:\/\/www.biocom-madagascar.org\/wp-content\/uploads\/2022\/10\/IMG_4690_web.jpg\" data-object-fit=\"cover\"><div class=\"wp-block-cover__inner-container is-layout-flow wp-block-cover-is-layout-flow\">\n<div class=\"wp-block-bod-modal-block bod-block-popup align-center\"><button type=\"button\" style=\"background-color:rgba(0,78,137,1);color:#ffffff\" class=\"bod-block-popup-trigger type_btn bod-btn\">Bi-Annual Information Note &#8211; Juin 2023<\/button><div style=\"background-color:rgba(0, 0, 0, 0.1)\" class=\"bod-block-popup-overlay\" data-disabled-overlay-close=\"false\" data-disabled-escape-close=\"false\"><\/div><div role=\"dialog\" aria-modal=\"false\" aria-labelledby=\"\" aria-describedby=\"\" class=\"bod-block-popup-wrap undefined\"><div style=\"background-color:#ffffff;border-radius:10px \" class=\"bod-block-popup size-xl\" data-transition=\"fade\"><div id=\"\" style=\"background-color:#ffffff;text-align:center\" class=\"bod-modal-title\"><h2 style=\"color:#000000\">Bi-Annual Information Note &#8211; Juin 2023<\/h2><\/div> <div id=\"\" class=\"bod-modal-content\">\n<p class=\" eplus-wrapper\">Notes d&rsquo;informations semestrielles pour le projet BIOCOM &#8211; Semestre 1 &#8211; Juin 2023 <\/p>\n\n\n\n<div data-wp-interactive=\"core\/file\" class=\" wp-block-file eplus-wrapper\"><object data-wp-bind--hidden=\"!state.hasPdfPreview\" hidden class=\"wp-block-file__embed\" data=\"https:\/\/www.biocom-madagascar.org\/fr\/wp-content\/uploads\/2024\/07\/BIN-Semestre-I-2023.pdf\" type=\"application\/pdf\" style=\"width:100%;height:600px\" aria-label=\"Contenu embarqu\u00e9 BIN Semestre I 2023.\"><\/object><a id=\"wp-block-file--media-a9a5d1fa-9d98-4984-9f09-4d9000e59145\" href=\"https:\/\/www.biocom-madagascar.org\/fr\/wp-content\/uploads\/2024\/07\/BIN-Semestre-I-2023.pdf\">BIN Semestre I 2023<\/a><a href=\"https:\/\/www.biocom-madagascar.org\/fr\/wp-content\/uploads\/2024\/07\/BIN-Semestre-I-2023.pdf\" class=\"wp-block-file__button wp-element-button\" download aria-describedby=\"wp-block-file--media-a9a5d1fa-9d98-4984-9f09-4d9000e59145\">T\u00e9l\u00e9charger<\/a><\/div>\n<div class=\"bod-block-close-btn align-center\"><button type=\"button\" style=\"background-color:rgba(0,78,137,1);color:rgba(255,255,255,1)\" class=\"type_btn bod-btn\">\u2573<\/button><\/div><\/div> <\/div> <div class=\"bod-block-popup-closer\"><\/div><\/div><\/div>\n<\/div><\/div>\n\n\n\n<div class=\" wp-block-cover alignfull is-light eplus-wrapper\"><span aria-hidden=\"true\" class=\"wp-block-cover__background has-background-dim-20 has-background-dim\"><\/span><img decoding=\"async\" class=\"wp-block-cover__image-background wp-image-1222\" alt=\"\" src=\"https:\/\/www.biocom-madagascar.org\/wp-content\/uploads\/2022\/10\/IMG_4690_web.jpg\" data-object-fit=\"cover\"><div class=\"wp-block-cover__inner-container is-layout-flow wp-block-cover-is-layout-flow\">\n<div class=\"wp-block-bod-modal-block bod-block-popup align-center\"><button type=\"button\" style=\"background-color:rgba(0,78,137,1);color:#ffffff\" class=\"bod-block-popup-trigger type_btn bod-btn\">CR Comit\u00e9 Directeur \n&#8211; 13 Ao\u00fbt 2024<\/button><div style=\"background-color:rgba(0, 0, 0, 0.1)\" class=\"bod-block-popup-overlay\" data-disabled-overlay-close=\"false\" data-disabled-escape-close=\"false\"><\/div><div role=\"dialog\" aria-modal=\"false\" aria-labelledby=\"\" aria-describedby=\"\" class=\"bod-block-popup-wrap undefined\"><div style=\"background-color:#ffffff;border-radius:10px \" class=\"bod-block-popup size-xl\" data-transition=\"fade\"><div id=\"\" style=\"background-color:#ffffff;text-align:center\" class=\"bod-modal-title\"><h2 style=\"color:#000000\">Compte rendu de la r\u00e9union du comit\u00e9 directeur &#8211; 13 Ao\u00fbt 2024 <\/h2><\/div> <div id=\"\" class=\"bod-modal-content\">\n<p class=\" eplus-wrapper\">Compte rendu de la R\u00e9union du Comit\u00e9 Directeur &#8211; 13 Ao\u00fbt 2024 <\/p>\n\n\n\n<div data-wp-interactive=\"core\/file\" class=\" wp-block-file eplus-wrapper\"><object data-wp-bind--hidden=\"!state.hasPdfPreview\" hidden class=\"wp-block-file__embed\" data=\"https:\/\/www.biocom-madagascar.org\/fr\/wp-content\/uploads\/2024\/09\/PV-du-130824_-Comite-directeur-Projet-BIOCOM.pdf\" type=\"application\/pdf\" style=\"width:100%;height:600px\" aria-label=\"Contenu embarqu\u00e9 PV du 130824_ Comit\u00e9 directeur Projet BIOCOM.\"><\/object><a id=\"wp-block-file--media-deb69d8b-3e94-4e47-9120-0d229a9d9dcc\" href=\"https:\/\/www.biocom-madagascar.org\/fr\/wp-content\/uploads\/2024\/09\/PV-du-130824_-Comite-directeur-Projet-BIOCOM.pdf\">PV du 130824_ Comit\u00e9 directeur Projet BIOCOM<\/a><a href=\"https:\/\/www.biocom-madagascar.org\/fr\/wp-content\/uploads\/2024\/09\/PV-du-130824_-Comite-directeur-Projet-BIOCOM.pdf\" class=\"wp-block-file__button wp-element-button\" download aria-describedby=\"wp-block-file--media-deb69d8b-3e94-4e47-9120-0d229a9d9dcc\">T\u00e9l\u00e9charger<\/a><\/div>\n<div class=\"bod-block-close-btn align-center\"><button type=\"button\" style=\"background-color:rgba(0,78,137,1);color:rgba(255,255,255,1)\" class=\"type_btn bod-btn\">\u2573<\/button><\/div><\/div> <\/div> <div class=\"bod-block-popup-closer\"><\/div><\/div><\/div>\n<\/div><\/div>\n<\/div>\n\n\n\n<div class=\"wp-block-column eplus-wrapper is-layout-flow wp-block-column-is-layout-flow\"><div class=\"wp-block-columns eplus-wrapper is-layout-flex wp-container-core-columns-is-layout-28f84493 wp-block-columns-is-layout-flex eplus-styles-uid-ae8743\">\n<div class=\"wp-block-column eplus-wrapper is-layout-flow wp-block-column-is-layout-flow\">\n<div class=\" wp-block-cover alignfull is-light eplus-wrapper\"><span aria-hidden=\"true\" class=\"wp-block-cover__background has-background-dim-20 has-background-dim\"><\/span><img decoding=\"async\" class=\"wp-block-cover__image-background wp-image-1010\" alt=\"\" src=\"https:\/\/www.biocom-madagascar.org\/wp-content\/uploads\/2022\/09\/IMG_5234-scaled.jpg\" data-object-fit=\"cover\"><div class=\"wp-block-cover__inner-container is-layout-flow wp-block-cover-is-layout-flow\">\n<div class=\"wp-block-bod-modal-block bod-block-popup align-center\"><button type=\"button\" style=\"background-color:rgba(0,78,137,1);color:#ffffff\" class=\"bod-block-popup-trigger type_btn bod-btn\">Bi-Annual information Note &#8211; D\u00e9cembre 2023<\/button><div style=\"background-color:rgba(0, 0, 0, 0.1)\" class=\"bod-block-popup-overlay\" data-disabled-overlay-close=\"false\" data-disabled-escape-close=\"false\"><\/div><div role=\"dialog\" aria-modal=\"false\" aria-labelledby=\"\" aria-describedby=\"\" class=\"bod-block-popup-wrap undefined\"><div style=\"background-color:#ffffff;border-radius:10px \" class=\"bod-block-popup size-xl\" data-transition=\"fade\"><div id=\"\" style=\"background-color:#ffffff;text-align:center\" class=\"bod-modal-title\"><h2 style=\"color:#000000\">Bi-annual information note &#8211; D\u00e9cembre 2023<\/h2><\/div> <div id=\"\" class=\"bod-modal-content\">\n<p class=\" eplus-wrapper\">Note d\u2019information semestrielle du projet BIOCOM : Deuxi\u00e8me semestre 2023<\/p>\n\n\n\n<div data-wp-interactive=\"core\/file\" class=\" wp-block-file eplus-wrapper\"><object data-wp-bind--hidden=\"!state.hasPdfPreview\" hidden class=\"wp-block-file__embed\" data=\"https:\/\/www.biocom-madagascar.org\/fr\/wp-content\/uploads\/2024\/07\/BIN-Semestre-II-2023-1.pdf\" type=\"application\/pdf\" style=\"width:100%;height:600px\" aria-label=\"Contenu embarqu\u00e9 BIN Semestre II 2023.\"><\/object><a id=\"wp-block-file--media-c7e38ca1-bfe7-4cf8-acbc-5276ab936259\" href=\"https:\/\/www.biocom-madagascar.org\/fr\/wp-content\/uploads\/2024\/07\/BIN-Semestre-II-2023-1.pdf\">BIN Semestre II 2023<\/a><a href=\"https:\/\/www.biocom-madagascar.org\/fr\/wp-content\/uploads\/2024\/07\/BIN-Semestre-II-2023-1.pdf\" class=\"wp-block-file__button wp-element-button\" download aria-describedby=\"wp-block-file--media-c7e38ca1-bfe7-4cf8-acbc-5276ab936259\">T\u00e9l\u00e9charger<\/a><\/div>\n<div class=\"bod-block-close-btn align-center\"><button type=\"button\" style=\"background-color:rgba(0,78,137,1);color:rgba(255,255,255,1)\" class=\"type_btn bod-btn\">\u2573<\/button><\/div><\/div> <\/div> <div class=\"bod-block-popup-closer\"><\/div><\/div><\/div>\n<\/div><\/div>\n<\/div>\n<\/div><\/div>\n\n\n\n<div class=\"wp-block-column eplus-wrapper is-layout-flow wp-block-column-is-layout-flow\">\n<div class=\" wp-block-cover alignfull eplus-wrapper\"><span aria-hidden=\"true\" class=\"wp-block-cover__background has-background-dim-20 has-background-dim\"><\/span><img decoding=\"async\" class=\"wp-block-cover__image-background wp-image-1008\" alt=\"\" src=\"https:\/\/www.biocom-madagascar.org\/wp-content\/uploads\/2022\/09\/DJI_0258-scaled.jpg\" data-object-fit=\"cover\"><div class=\"wp-block-cover__inner-container is-layout-flow wp-block-cover-is-layout-flow\">\n<div class=\"wp-block-bod-modal-block bod-block-popup align-center\"><button type=\"button\" style=\"background-color:rgba(0,78,137,1);color:#ffffff\" class=\"bod-block-popup-trigger type_btn bod-btn\">Bi-annual information note &#8211; Juin 2024<\/button><div style=\"background-color:rgba(0,0,0,0)\" class=\"bod-block-popup-overlay\" data-disabled-overlay-close=\"false\" data-disabled-escape-close=\"false\"><\/div><div role=\"dialog\" aria-modal=\"false\" aria-labelledby=\"\" aria-describedby=\"\" class=\"bod-block-popup-wrap undefined\"><div style=\"background-color:#ffffff;border-radius:10px \" class=\"bod-block-popup size-xl\" data-transition=\"fade\"><div id=\"\" style=\"background-color:#ffffff;text-align:center\" class=\"bod-modal-title\"><h2 style=\"color:#000000\">Bi-annual information note &#8211; Juin 2024<\/h2><\/div> <div id=\"\" class=\"bod-modal-content\">\n<p class=\" eplus-wrapper\">L\u2019heure est \u00e0 la p\u00e9rennisation de l\u2019impact de nos interventions !<\/p>\n\n\n\n<p class=\" eplus-wrapper\">Le projet BIOCOM vise \u00e0 conserver et sauvegarder la biodiversit\u00e9 dans ses sites d&rsquo;intervention : Parc national d&rsquo;Andohahela, Parc national de Marojejy et Montagne des Fran\u00e7ais. Initi\u00e9 par UNESCO \u00e0 Madagascar depuis 2020, BIOCOM est pr\u00e9vu de s&rsquo;achever cette ann\u00e9e. En ces derniers mois, nous appuyons sur l&rsquo;acc\u00e9l\u00e9rateur pour encourager les efforts de conservation et de sauvegarde et assurer leur p\u00e9rennisation. Retrouver nos derni\u00e8res r\u00e9alisations dans ce nouveau num\u00e9ro de notre note d&rsquo;information semestrielle !<\/p>\n\n\n\n<div data-wp-interactive=\"core\/file\" class=\" wp-block-file eplus-wrapper\"><object data-wp-bind--hidden=\"!state.hasPdfPreview\" hidden class=\"wp-block-file__embed\" data=\"https:\/\/www.biocom-madagascar.org\/fr\/wp-content\/uploads\/2024\/07\/BIN-BIOCOM-June-2024.pdf\" type=\"application\/pdf\" style=\"width:100%;height:600px\" aria-label=\"Contenu embarqu\u00e9 BIN BIOCOM - June 2024.\"><\/object><a id=\"wp-block-file--media-8ab295fc-85e8-48c6-9dbb-778ccf01a469\" href=\"https:\/\/www.biocom-madagascar.org\/fr\/wp-content\/uploads\/2024\/07\/BIN-BIOCOM-June-2024.pdf\">BIN BIOCOM &#8211; June 2024<\/a><a href=\"https:\/\/www.biocom-madagascar.org\/fr\/wp-content\/uploads\/2024\/07\/BIN-BIOCOM-June-2024.pdf\" class=\"wp-block-file__button wp-element-button\" download aria-describedby=\"wp-block-file--media-8ab295fc-85e8-48c6-9dbb-778ccf01a469\">T\u00e9l\u00e9charger<\/a><\/div>\n<div class=\"bod-block-close-btn align-center\"><button type=\"button\" style=\"background-color:rgba(0,78,137,1);color:#ffffff\" class=\"type_btn bod-btn\">\u2573<\/button><\/div><\/div> <\/div> <div class=\"bod-block-popup-closer\"><\/div><\/div><\/div>\n<\/div><\/div>\n<\/div>\n<\/div>\n\n<div class=\"wp-block-columns eplus-wrapper is-layout-flex wp-container-core-columns-is-layout-28f84493 wp-block-columns-is-layout-flex eplus-styles-uid-274653\">\n<div class=\"wp-block-column eplus-wrapper is-layout-flow wp-block-column-is-layout-flow\"><\/div>\n\n\n\n<div class=\"wp-block-column eplus-wrapper is-layout-flow wp-block-column-is-layout-flow\"><div class=\"wp-block-columns eplus-wrapper is-layout-flex wp-container-core-columns-is-layout-28f84493 wp-block-columns-is-layout-flex eplus-styles-uid-529204\">\n<div class=\"wp-block-column eplus-wrapper is-layout-flow wp-block-column-is-layout-flow\"><\/div>\n<\/div><\/div>\n\n\n\n<div class=\"wp-block-column eplus-wrapper is-layout-flow wp-block-column-is-layout-flow\"><\/div>\n<\/div>\n\n<div class=\"wp-block-columns eplus-wrapper is-layout-flex wp-container-core-columns-is-layout-28f84493 wp-block-columns-is-layout-flex eplus-styles-uid-b2373d\">\n<div class=\"wp-block-column eplus-wrapper is-layout-flow wp-block-column-is-layout-flow\"><\/div>\n\n\n\n<div class=\"wp-block-column eplus-wrapper is-layout-flow wp-block-column-is-layout-flow\"><div class=\"wp-block-columns eplus-wrapper is-layout-flex wp-container-core-columns-is-layout-28f84493 wp-block-columns-is-layout-flex eplus-styles-uid-90543c\">\n<div class=\"wp-block-column eplus-wrapper is-layout-flow wp-block-column-is-layout-flow\"><\/div>\n<\/div><\/div>\n\n\n\n<div class=\"wp-block-column eplus-wrapper is-layout-flow wp-block-column-is-layout-flow\"><\/div>\n<\/div><\/div>\n<\/div><\/div><\/div>\n","protected":false},"excerpt":{"rendered":"<p>Publications Publications Retrouvez ici les diff\u00e9rentes publications concernant les activit\u00e9s du projet BIOCOM<\/p>\n","protected":false},"author":1,"featured_media":0,"parent":0,"menu_order":0,"comment_status":"closed","ping_status":"closed","template":"","meta":{"_editorskit_title_hidden":false,"_editorskit_reading_time":2,"_editorskit_is_block_options_detached":false,"_editorskit_block_options_position":"{}","_eb_attr":"","om_disable_all_campaigns":false,"_uag_custom_page_level_css":"","editor_plus_copied_stylings":"{}","_monsterinsights_skip_tracking":false,"_monsterinsights_sitenote_active":false,"_monsterinsights_sitenote_note":"","_monsterinsights_sitenote_category":0,"site-sidebar-layout":"no-sidebar","site-content-layout":"plain-container","ast-site-content-layout":"normal-width-container","site-content-style":"unboxed","site-sidebar-style":"unboxed","ast-global-header-display":"","ast-banner-title-visibility":"","ast-main-header-display":"","ast-hfb-above-header-display":"","ast-hfb-below-header-display":"","ast-hfb-mobile-header-display":"","site-post-title":"disabled","ast-breadcrumbs-content":"","ast-featured-img":"disabled","footer-sml-layout":"","theme-transparent-header-meta":"enabled","adv-header-id-meta":"","stick-header-meta":"","header-above-stick-meta":"","header-main-stick-meta":"","header-below-stick-meta":"","astra-migrate-meta-layouts":"set","ast-page-background-enabled":"default","ast-page-background-meta":{"desktop":{"background-color":"","background-image":"","background-repeat":"repeat","background-position":"center center","background-size":"auto","background-attachment":"scroll","background-type":"","background-media":"","overlay-type":"","overlay-color":"","overlay-gradient":""},"tablet":{"background-color":"","background-image":"","background-repeat":"repeat","background-position":"center center","background-size":"auto","background-attachment":"scroll","background-type":"","background-media":"","overlay-type":"","overlay-color":"","overlay-gradient":""},"mobile":{"background-color":"","background-image":"","background-repeat":"repeat","background-position":"center center","background-size":"auto","background-attachment":"scroll","background-type":"","background-media":"","overlay-type":"","overlay-color":"","overlay-gradient":""}},"ast-content-background-meta":{"desktop":{"background-color":"var(--ast-global-color-5)","background-image":"","background-repeat":"repeat","background-position":"center center","background-size":"auto","background-attachment":"scroll","background-type":"","background-media":"","overlay-type":"","overlay-color":"","overlay-gradient":""},"tablet":{"background-color":"var(--ast-global-color-5)","background-image":"","background-repeat":"repeat","background-position":"center center","background-size":"auto","background-attachment":"scroll","background-type":"","background-media":"","overlay-type":"","overlay-color":"","overlay-gradient":""},"mobile":{"background-color":"var(--ast-global-color-5)","background-image":"","background-repeat":"repeat","background-position":"center center","background-size":"auto","background-attachment":"scroll","background-type":"","background-media":"","overlay-type":"","overlay-color":"","overlay-gradient":""}},"footnotes":""},"class_list":["post-1098","page","type-page","status-publish","hentry"],"aioseo_notices":[],"uagb_featured_image_src":{"full":false,"thumbnail":false,"medium":false,"medium_large":false,"large":false,"1536x1536":false,"2048x2048":false},"uagb_author_info":{"display_name":"BiocomMadagascar","author_link":"https:\/\/www.biocom-madagascar.org\/fr\/author\/biocommadagascar\/"},"uagb_comment_info":0,"uagb_excerpt":"Publications Publications Retrouvez ici les diff\u00e9rentes publications concernant les activit\u00e9s du projet BIOCOM","_links":{"self":[{"href":"https:\/\/www.biocom-madagascar.org\/fr\/wp-json\/wp\/v2\/pages\/1098","targetHints":{"allow":["GET"]}}],"collection":[{"href":"https:\/\/www.biocom-madagascar.org\/fr\/wp-json\/wp\/v2\/pages"}],"about":[{"href":"https:\/\/www.biocom-madagascar.org\/fr\/wp-json\/wp\/v2\/types\/page"}],"author":[{"embeddable":true,"href":"https:\/\/www.biocom-madagascar.org\/fr\/wp-json\/wp\/v2\/users\/1"}],"replies":[{"embeddable":true,"href":"https:\/\/www.biocom-madagascar.org\/fr\/wp-json\/wp\/v2\/comments?post=1098"}],"version-history":[{"count":16,"href":"https:\/\/www.biocom-madagascar.org\/fr\/wp-json\/wp\/v2\/pages\/1098\/revisions"}],"predecessor-version":[{"id":1453,"href":"https:\/\/www.biocom-madagascar.org\/fr\/wp-json\/wp\/v2\/pages\/1098\/revisions\/1453"}],"wp:attachment":[{"href":"https:\/\/www.biocom-madagascar.org\/fr\/wp-json\/wp\/v2\/media?parent=1098"}],"curies":[{"name":"wp","href":"https:\/\/api.w.org\/{rel}","templated":true}]}}