{"id":217,"date":"2020-05-12T03:43:03","date_gmt":"2020-05-12T03:43:03","guid":{"rendered":"https:\/\/biocom-madagascar.org\/fr\/home\/"},"modified":"2024-09-28T14:46:48","modified_gmt":"2024-09-28T14:46:48","slug":"home","status":"publish","type":"page","link":"https:\/\/www.biocom-madagascar.org\/fr\/","title":{"rendered":"Accueil"},"content":{"rendered":"\n<div class=\"wp-block-uagb-container uagb-block-baedcc9d alignfull uagb-is-root-container\">\n<div class=\"wp-block-uagb-container uagb-block-62820c3a\">\n<div style=\"height:500px\" aria-hidden=\"true\" class=\" wp-block-spacer eplus-wrapper\"><\/div>\n\n\n\n<figure class=\" animated pulseGrow duration1 infinite eds-on-hover wp-block-image aligncenter size-medium is-resized eplus-wrapper\"><a href=\"https:\/\/www.biocom-madagascar.org\/fr\/#actualit\u00e9s\"><img decoding=\"async\" src=\"https:\/\/www.biocom-madagascar.org\/wp-content\/uploads\/2022\/10\/scroll-1-1-300x300.png\" alt=\"\" class=\"wp-image-1178\" style=\"width:50px;height:50px\"\/><\/a><\/figure>\n<\/div>\n<\/div>\n\n\n\n<div class=\"wp-block-uagb-container uagb-block-bfc34db4 alignfull uagb-is-root-container\"><div class=\"uagb-container-inner-blocks-wrap\">\n<div class=\"wp-block-uagb-container uagb-block-a98bfefd\">\n<div class=\"wp-block-uagb-container uagb-block-60194283\">\n<h2 class=\" wp-block-heading eplus-wrapper\" id=\"actualit\u00e9s\">Actualit\u00e9s<\/h2>\n<\/div>\n\n\n\n<div class=\"wp-block-uagb-container uagb-block-1a94c273\"><\/div>\n<\/div>\n\n\n\n<div class=\"wp-block-uagb-container uagb-block-450f6445\">\n<p class=\" eplus-wrapper\">Bienvenue sur le site du projet BIOCOM, un projet de l&rsquo;UNESCO financ\u00e9 par l&rsquo;Agence Cor\u00e9enne de Coop\u00e9ration Internationale (KOICA). Vous trouverez ici toutes les actualit\u00e9s du projet.<\/p>\n\n\n\r\n        <div class=\"wp-block-getwid-post-carousel custom-post-type-post has-slides-gap-normal is-carousel has-arrows-outside has-dots-outside\">\r\n            <div data-slider-option=\"{&quot;sliderSlidesToShowDesktop&quot;:&quot;3&quot;,&quot;getwid_slidesToShowLaptop&quot;:&quot;4&quot;,&quot;getwid_slidesToShowTablet&quot;:&quot;2&quot;,&quot;getwid_slidesToShowMobile&quot;:&quot;2&quot;,&quot;getwid_autoplay_speed&quot;:6000,&quot;getwid_animation_speed&quot;:800,&quot;getwid_slidesToScroll&quot;:&quot;1&quot;,&quot;getwid_autoplay&quot;:true,&quot;getwid_infinite&quot;:true,&quot;getwid_center_mode&quot;:false,&quot;getwid_arrows&quot;:&quot;outside&quot;,&quot;getwid_dots&quot;:&quot;outside&quot;}\" class=\"wp-block-getwid-post-carousel__wrapper\">\r\n                \t\t\t\t\t\t\t<div class=\"wp-block-getwid-post-carousel__slide\">\r\n\t\t\t\t\t\t\t\t\r\n<div class=\"wp-block-getwid-post-carousel__post\">\r\n            <div class=\"wp-block-getwid-post-carousel__post-thumbnail\">\r\n            <a href=\"https:\/\/www.biocom-madagascar.org\/fr\/lunesco-renforce-lindependance-economique-grace-a-la-pisciculture-durable-a-madagascar\/\"><img loading=\"lazy\" decoding=\"async\" width=\"2560\" height=\"1928\" src=\"https:\/\/www.biocom-madagascar.org\/fr\/wp-content\/uploads\/2024\/11\/IMG_20240920_145300_114@1788777709-scaled.jpg\" class=\"attachment-post-thumbnail size-post-thumbnail wp-post-image\" alt=\"\" srcset=\"https:\/\/www.biocom-madagascar.org\/fr\/wp-content\/uploads\/2024\/11\/IMG_20240920_145300_114@1788777709-scaled.jpg 2560w, https:\/\/www.biocom-madagascar.org\/fr\/wp-content\/uploads\/2024\/11\/IMG_20240920_145300_114@1788777709-300x226.jpg 300w, https:\/\/www.biocom-madagascar.org\/fr\/wp-content\/uploads\/2024\/11\/IMG_20240920_145300_114@1788777709-1024x771.jpg 1024w, https:\/\/www.biocom-madagascar.org\/fr\/wp-content\/uploads\/2024\/11\/IMG_20240920_145300_114@1788777709-768x578.jpg 768w, https:\/\/www.biocom-madagascar.org\/fr\/wp-content\/uploads\/2024\/11\/IMG_20240920_145300_114@1788777709-1536x1157.jpg 1536w, https:\/\/www.biocom-madagascar.org\/fr\/wp-content\/uploads\/2024\/11\/IMG_20240920_145300_114@1788777709-2048x1542.jpg 2048w\" sizes=\"auto, (max-width: 2560px) 100vw, 2560px\" \/><\/a>\r\n        <\/div>\r\n        <div class=\"wp-block-getwid-post-carousel__post-content-wrapper\">\r\n        <div class=\"wp-block-getwid-post-carousel__post-header\">\r\n            <h3 class=\"wp-block-getwid-post-carousel__post-title\"><a href=\"https:\/\/www.biocom-madagascar.org\/fr\/lunesco-renforce-lindependance-economique-grace-a-la-pisciculture-durable-a-madagascar\/\">L&rsquo;UNESCO renforce l&rsquo;ind\u00e9pendance \u00e9conomique gr\u00e2ce \u00e0 la pisciculture durable \u00e0 Madagascar<\/a><\/h3>        <\/div>\r\n        <div class=\"wp-block-getwid-post-carousel__post-excerpt\"><p>\u00ab\u00a0La pisciculture m\u2019a permis de subvenir aux besoins de ma famille et de scolariser mes enfants, ce qui n\u2019\u00e9tait pas toujours possible auparavant. D\u00e9sormais, pour assurer une production r\u00e9guli\u00e8re, je me concentre sur l&rsquo;agrandissement de mes \u00e9tangs, sur l&rsquo;am\u00e9lioration des techniques de grossissement des poissons et de production d\u2019alevins. \u00a0\u00bb raconte Jean Didier Nonta, riziculteur &hellip;<\/p>\n<p class=\"read-more\"> <a class=\"\" href=\"https:\/\/www.biocom-madagascar.org\/fr\/lunesco-renforce-lindependance-economique-grace-a-la-pisciculture-durable-a-madagascar\/\"> <span class=\"screen-reader-text\">L&rsquo;UNESCO renforce l&rsquo;ind\u00e9pendance \u00e9conomique gr\u00e2ce \u00e0 la pisciculture durable \u00e0 Madagascar<\/span> Lire la suite \u00bb<\/a><\/p>\n<\/div>\r\n    <\/div>\r\n<\/div>\r\n\r\n\t\t\t\t\t\t\t<\/div>\r\n\t\t\t\t\t\t\t\t\t\t\t\t\t<div class=\"wp-block-getwid-post-carousel__slide\">\r\n\t\t\t\t\t\t\t\t\r\n<div class=\"wp-block-getwid-post-carousel__post\">\r\n            <div class=\"wp-block-getwid-post-carousel__post-thumbnail\">\r\n            <a href=\"https:\/\/www.biocom-madagascar.org\/fr\/un-projet-de-lunesco-stimule-lagriculture-et-la-conservation-des-ressources-a-madagascar\/\"><img loading=\"lazy\" decoding=\"async\" width=\"943\" height=\"765\" src=\"https:\/\/www.biocom-madagascar.org\/fr\/wp-content\/uploads\/2024\/11\/Jaona-agriculteur-fokontany-Erara-Ville-Fort-Dauphin-Region-Anosy-Madagascar.jpeg\" class=\"attachment-post-thumbnail size-post-thumbnail wp-post-image\" alt=\"\" srcset=\"https:\/\/www.biocom-madagascar.org\/fr\/wp-content\/uploads\/2024\/11\/Jaona-agriculteur-fokontany-Erara-Ville-Fort-Dauphin-Region-Anosy-Madagascar.jpeg 943w, https:\/\/www.biocom-madagascar.org\/fr\/wp-content\/uploads\/2024\/11\/Jaona-agriculteur-fokontany-Erara-Ville-Fort-Dauphin-Region-Anosy-Madagascar-300x243.jpeg 300w, https:\/\/www.biocom-madagascar.org\/fr\/wp-content\/uploads\/2024\/11\/Jaona-agriculteur-fokontany-Erara-Ville-Fort-Dauphin-Region-Anosy-Madagascar-768x623.jpeg 768w\" sizes=\"auto, (max-width: 943px) 100vw, 943px\" \/><\/a>\r\n        <\/div>\r\n        <div class=\"wp-block-getwid-post-carousel__post-content-wrapper\">\r\n        <div class=\"wp-block-getwid-post-carousel__post-header\">\r\n            <h3 class=\"wp-block-getwid-post-carousel__post-title\"><a href=\"https:\/\/www.biocom-madagascar.org\/fr\/un-projet-de-lunesco-stimule-lagriculture-et-la-conservation-des-ressources-a-madagascar\/\">Un projet de l\u2019UNESCO stimule l\u2019agriculture et la conservation des ressources \u00e0 Madagascar<\/a><\/h3>        <\/div>\r\n        <div class=\"wp-block-getwid-post-carousel__post-excerpt\"><p>\u00ab\u00a0 Je dispose de 5 hectares de terres cultivables, mais en raison de la p\u00e9nurie d\u2019eau, je ne pouvais exploiter que les 3 hectares. Avec une production de moins de 500 Kg, les rendements \u00e9taient insuffisants. Nous \u00e9tions oblig\u00e9s de recourir \u00e0 d\u2019autres activit\u00e9s pour assurer nos besoins. Nous comptions beaucoup sur les ressources de &hellip;<\/p>\n<p class=\"read-more\"> <a class=\"\" href=\"https:\/\/www.biocom-madagascar.org\/fr\/un-projet-de-lunesco-stimule-lagriculture-et-la-conservation-des-ressources-a-madagascar\/\"> <span class=\"screen-reader-text\">Un projet de l\u2019UNESCO stimule l\u2019agriculture et la conservation des ressources \u00e0 Madagascar<\/span> Lire la suite \u00bb<\/a><\/p>\n<\/div>\r\n    <\/div>\r\n<\/div>\r\n\r\n\t\t\t\t\t\t\t<\/div>\r\n\t\t\t\t\t\t\t\t\t\t\t\t\t<div class=\"wp-block-getwid-post-carousel__slide\">\r\n\t\t\t\t\t\t\t\t\r\n<div class=\"wp-block-getwid-post-carousel__post\">\r\n            <div class=\"wp-block-getwid-post-carousel__post-thumbnail\">\r\n            <a href=\"https:\/\/www.biocom-madagascar.org\/fr\/madagascar-lunesco-fournit-de-lelectricite-et-dynamise-leconomie-a-andavakoera\/\"><img loading=\"lazy\" decoding=\"async\" width=\"374\" height=\"430\" src=\"https:\/\/www.biocom-madagascar.org\/fr\/wp-content\/uploads\/2024\/11\/Charline.webp\" class=\"attachment-post-thumbnail size-post-thumbnail wp-post-image\" alt=\"\" srcset=\"https:\/\/www.biocom-madagascar.org\/fr\/wp-content\/uploads\/2024\/11\/Charline.webp 374w, https:\/\/www.biocom-madagascar.org\/fr\/wp-content\/uploads\/2024\/11\/Charline-261x300.webp 261w\" sizes=\"auto, (max-width: 374px) 100vw, 374px\" \/><\/a>\r\n        <\/div>\r\n        <div class=\"wp-block-getwid-post-carousel__post-content-wrapper\">\r\n        <div class=\"wp-block-getwid-post-carousel__post-header\">\r\n            <h3 class=\"wp-block-getwid-post-carousel__post-title\"><a href=\"https:\/\/www.biocom-madagascar.org\/fr\/madagascar-lunesco-fournit-de-lelectricite-et-dynamise-leconomie-a-andavakoera\/\">Madagascar: l&rsquo;UNESCO fournit de l&rsquo;\u00e9lectricit\u00e9 et dynamise l\u2019\u00e9conomie \u00e0 Andavakoera<\/a><\/h3>        <\/div>\r\n        <div class=\"wp-block-getwid-post-carousel__post-excerpt\"><p>\u00ab\u00a0Gr\u00e2ce \u00e0 l\u2019acc\u00e8s \u00e0 l\u2019\u00e9lectricit\u00e9 dans mon village, j\u2019ai pu d\u00e9velopper cette activit\u00e9 de production de yaourt fait maison. Auparavant, je subvenais aux besoins de ma famille avec mon salaire de femme de m\u00e9nage et un peu d\u2019\u00e9levage de b\u00e9tails. Aujourd\u2019hui, je peux m\u2019investir davantage dans l\u2019\u00e9levage car je peux \u00e9largir nos activit\u00e9s.\u00a0 Nous \u00e9levons &hellip;<\/p>\n<p class=\"read-more\"> <a class=\"\" href=\"https:\/\/www.biocom-madagascar.org\/fr\/madagascar-lunesco-fournit-de-lelectricite-et-dynamise-leconomie-a-andavakoera\/\"> <span class=\"screen-reader-text\">Madagascar: l&rsquo;UNESCO fournit de l&rsquo;\u00e9lectricit\u00e9 et dynamise l\u2019\u00e9conomie \u00e0 Andavakoera<\/span> Lire la suite \u00bb<\/a><\/p>\n<\/div>\r\n    <\/div>\r\n<\/div>\r\n\r\n\t\t\t\t\t\t\t<\/div>\r\n\t\t\t\t\t\t\t\t\t\t\t\t\t<div class=\"wp-block-getwid-post-carousel__slide\">\r\n\t\t\t\t\t\t\t\t\r\n<div class=\"wp-block-getwid-post-carousel__post\">\r\n            <div class=\"wp-block-getwid-post-carousel__post-thumbnail\">\r\n            <a href=\"https:\/\/www.biocom-madagascar.org\/fr\/montagne-des-francais-les-activites-generatrices-de-revenus-alternatives-en-plein-essor-2\/\"><img loading=\"lazy\" decoding=\"async\" width=\"2560\" height=\"1707\" src=\"https:\/\/www.biocom-madagascar.org\/fr\/wp-content\/uploads\/2024\/08\/20240620-Visite-KOICA-MDF-Visite-Centrale-solaire-Andavakoera-Degustation-produits-des-beneficiaires-3-scaled.jpg\" class=\"attachment-post-thumbnail size-post-thumbnail wp-post-image\" alt=\"Son excellence, Mme Ji-hyun PARK, ambassadrice de la R\u00e9publique de Cor\u00e9e d\u00e9guste des yaourts faits maisons produits par les b\u00e9n\u00e9ficiaires du projet BIOCOM en compagnie des responsables des partenaires techniques SAGE\" srcset=\"https:\/\/www.biocom-madagascar.org\/fr\/wp-content\/uploads\/2024\/08\/20240620-Visite-KOICA-MDF-Visite-Centrale-solaire-Andavakoera-Degustation-produits-des-beneficiaires-3-scaled.jpg 2560w, https:\/\/www.biocom-madagascar.org\/fr\/wp-content\/uploads\/2024\/08\/20240620-Visite-KOICA-MDF-Visite-Centrale-solaire-Andavakoera-Degustation-produits-des-beneficiaires-3-300x200.jpg 300w, https:\/\/www.biocom-madagascar.org\/fr\/wp-content\/uploads\/2024\/08\/20240620-Visite-KOICA-MDF-Visite-Centrale-solaire-Andavakoera-Degustation-produits-des-beneficiaires-3-1024x683.jpg 1024w, https:\/\/www.biocom-madagascar.org\/fr\/wp-content\/uploads\/2024\/08\/20240620-Visite-KOICA-MDF-Visite-Centrale-solaire-Andavakoera-Degustation-produits-des-beneficiaires-3-768x512.jpg 768w, https:\/\/www.biocom-madagascar.org\/fr\/wp-content\/uploads\/2024\/08\/20240620-Visite-KOICA-MDF-Visite-Centrale-solaire-Andavakoera-Degustation-produits-des-beneficiaires-3-1536x1024.jpg 1536w, https:\/\/www.biocom-madagascar.org\/fr\/wp-content\/uploads\/2024\/08\/20240620-Visite-KOICA-MDF-Visite-Centrale-solaire-Andavakoera-Degustation-produits-des-beneficiaires-3-2048x1365.jpg 2048w\" sizes=\"auto, (max-width: 2560px) 100vw, 2560px\" \/><\/a>\r\n        <\/div>\r\n        <div class=\"wp-block-getwid-post-carousel__post-content-wrapper\">\r\n        <div class=\"wp-block-getwid-post-carousel__post-header\">\r\n            <h3 class=\"wp-block-getwid-post-carousel__post-title\"><a href=\"https:\/\/www.biocom-madagascar.org\/fr\/montagne-des-francais-les-activites-generatrices-de-revenus-alternatives-en-plein-essor-2\/\">Montagne Des Fran\u00e7ais : les activit\u00e9s g\u00e9n\u00e9ratrices de revenus alternatives en plein essor<\/a><\/h3>        <\/div>\r\n        <div class=\"wp-block-getwid-post-carousel__post-excerpt\"><p>A travers BIOCOM, UNESCO a donn\u00e9 acc\u00e8s \u00e0 l\u2019\u00e9lectricit\u00e9 \u00e0 plus de 100 m\u00e9nages dans le village rural d\u2019Andavakoera autour de Montagne des Fran\u00e7ais. Une centrale solaire avec 28 panneaux produisant 13,2 KWh a \u00e9t\u00e9 install\u00e9e ouvrant la possibilit\u00e9 de d\u00e9velopper des activit\u00e9s g\u00e9n\u00e9ratrices de revenus n\u00e9cessitant de l\u2019\u00e9nergie \u00e9lectrique. En contrepartie de l\u2019acc\u00e8s \u00e0 &hellip;<\/p>\n<p class=\"read-more\"> <a class=\"\" href=\"https:\/\/www.biocom-madagascar.org\/fr\/montagne-des-francais-les-activites-generatrices-de-revenus-alternatives-en-plein-essor-2\/\"> <span class=\"screen-reader-text\">Montagne Des Fran\u00e7ais : les activit\u00e9s g\u00e9n\u00e9ratrices de revenus alternatives en plein essor<\/span> Lire la suite \u00bb<\/a><\/p>\n<\/div>\r\n    <\/div>\r\n<\/div>\r\n\r\n\t\t\t\t\t\t\t<\/div>\r\n\t\t\t\t\t\t            <\/div>\r\n        <\/div>\r\n        <\/div>\n<\/div><\/div>\n\n\n\n<div class=\"wp-block-uagb-container uagb-block-2bb1c7b1 alignfull uagb-is-root-container\"><div class=\"uagb-container-inner-blocks-wrap\">\n<div class=\"wp-block-uagb-container uagb-block-6a768436 alignfull uagb-is-root-container\"><div class=\"uagb-container-inner-blocks-wrap\"><div class=\"wp-block-columns has-ffffff-background-color has-background has-#ffffff-background-color eplus-wrapper is-layout-flex wp-container-core-columns-is-layout-28f84493 wp-block-columns-is-layout-flex eplus-styles-uid-57c430\">\n<div class=\"wp-block-column has-ast-global-color-4-background-color has-background eplus-wrapper is-layout-flow wp-block-column-is-layout-flow\" style=\"flex-basis:100%\">\n<div class=\"wp-block-uagb-container uagb-block-935988e1\"><h2 class=\" wp-block-heading eplus-wrapper eplus-styles-uid-b908a8\" id=\"media-gallery\">Galerie de m\u00e9dias<\/h2><\/div>\n\n\n<div class=\"wp-block-columns eplus-wrapper is-layout-flex wp-container-core-columns-is-layout-28f84493 wp-block-columns-is-layout-flex eplus-styles-uid-3e6a98\">\n<div class=\"wp-block-column eplus-wrapper is-layout-flow wp-block-column-is-layout-flow\">\n<p class=\" eplus-wrapper\">D\u00e9couvrez ici photos et vid\u00e9os de nos sites d&rsquo;interventions <\/p>\n\n\n\n<div class=\"wp-block-image-gallery-block-image-gallery-block\"><div class=\"eb-parent-wrapper eb-parent-eb-image-gallery-oqlo5hp \"><div class=\"eb-gallery-img-wrapper eb-image-gallery-oqlo5hp grid overlay-bottom caption-style-0  \" data-id=\"eb-image-gallery-oqlo5hp\"><a href=\"https:\/\/www.biocom-madagascar.org\/wp-content\/uploads\/2022\/09\/IMG_5597-scaled.jpg\" id=\"eb-gallery-img-content\" data-fslightbox=\"gallery\" data-type=\"image\" class=\"eb-gallery-img-content eb-filter-img-\"><span class=\"eb-gallery-link-wrapper\"><img decoding=\"async\" class=\"eb-gallery-img\" src=\"https:\/\/www.biocom-madagascar.org\/wp-content\/uploads\/2022\/09\/IMG_5597-scaled.jpg\" image-index=\"0\" alt=\"Flore de Marojejy\"><\/span><\/a><a href=\"https:\/\/www.biocom-madagascar.org\/wp-content\/uploads\/2022\/09\/DJI_0258-scaled.jpg\" id=\"eb-gallery-img-content\" data-fslightbox=\"gallery\" data-type=\"image\" class=\"eb-gallery-img-content eb-filter-img-\"><span class=\"eb-gallery-link-wrapper\"><img decoding=\"async\" class=\"eb-gallery-img\" src=\"https:\/\/www.biocom-madagascar.org\/wp-content\/uploads\/2022\/09\/DJI_0258-scaled.jpg\" image-index=\"1\" alt=\"\"><\/span><\/a><a href=\"https:\/\/www.biocom-madagascar.org\/wp-content\/uploads\/2022\/09\/IMG_5495-scaled.jpg\" id=\"eb-gallery-img-content\" data-fslightbox=\"gallery\" data-type=\"image\" class=\"eb-gallery-img-content eb-filter-img-\"><span class=\"eb-gallery-link-wrapper\"><img decoding=\"async\" class=\"eb-gallery-img\" src=\"https:\/\/www.biocom-madagascar.org\/wp-content\/uploads\/2022\/09\/IMG_5495-scaled.jpg\" image-index=\"2\" alt=\"\"><\/span><\/a><a href=\"https:\/\/www.biocom-madagascar.org\/wp-content\/uploads\/2022\/09\/IMG_4682-scaled.jpg\" id=\"eb-gallery-img-content\" data-fslightbox=\"gallery\" data-type=\"image\" class=\"eb-gallery-img-content eb-filter-img-\"><span class=\"eb-gallery-link-wrapper\"><img decoding=\"async\" class=\"eb-gallery-img\" src=\"https:\/\/www.biocom-madagascar.org\/wp-content\/uploads\/2022\/09\/IMG_4682-scaled.jpg\" image-index=\"3\" alt=\"Paysage de la R\u00e9gion SAVA autour du Parc National de Marojejy\"><\/span><\/a><\/div><\/div><\/div>\n\n\n\n<div class=\"wp-block-uagb-buttons uagb-buttons__outer-wrap uagb-btn__default-btn uagb-btn-tablet__default-btn uagb-btn-mobile__default-btn uagb-block-e71c7146\"><div class=\"uagb-buttons__wrap uagb-buttons-layout-wrap\">\n<div class=\"wp-block-uagb-buttons-child uagb-buttons__outer-wrap uagb-block-ea04a531 wp-block-button\"><div class=\"uagb-button__wrapper\"><a class=\"uagb-buttons-repeater wp-block-button__link\" href=\"https:\/\/biocom-madagascar.org\/fr\/media-gallerie\/\" onclick=\"return true;\" rel=\"follow noopener\" target=\"_blank\"><div class=\"uagb-button__link\">Decouvrir plus <\/div><span class=\"uagb-button__icon uagb-button__icon-position-after\"><svg xmlns=\"https:\/\/www.w3.org\/2000\/svg\" viewbox=\"0 0 448 512\"><path d=\"M438.6 278.6l-160 160C272.4 444.9 264.2 448 256 448s-16.38-3.125-22.62-9.375c-12.5-12.5-12.5-32.75 0-45.25L338.8 288H32C14.33 288 .0016 273.7 .0016 256S14.33 224 32 224h306.8l-105.4-105.4c-12.5-12.5-12.5-32.75 0-45.25s32.75-12.5 45.25 0l160 160C451.1 245.9 451.1 266.1 438.6 278.6z\"><\/path><\/svg><\/span><\/a><\/div><\/div>\n<\/div><\/div>\n<\/div>\n<\/div><\/div>\n<\/div><\/div><\/div>\n<\/div><\/div>\n","protected":false},"excerpt":{"rendered":"<p>Actualit\u00e9s Bienvenue sur le site du projet BIOCOM, un projet de l&rsquo;UNESCO financ\u00e9 par l&rsquo;Agence Cor\u00e9enne de Coop\u00e9ration Internationale (KOICA). Vous trouverez ici toutes les actualit\u00e9s du projet. Galerie de m\u00e9dias D\u00e9couvrez ici photos et vid\u00e9os de nos sites d&rsquo;interventions<\/p>\n","protected":false},"author":1,"featured_media":0,"parent":0,"menu_order":0,"comment_status":"closed","ping_status":"closed","template":"","meta":{"_editorskit_title_hidden":false,"_editorskit_reading_time":1,"_editorskit_is_block_options_detached":false,"_editorskit_block_options_position":"{}","_eb_attr":"","om_disable_all_campaigns":false,"_uag_custom_page_level_css":"","editor_plus_copied_stylings":"{}","_monsterinsights_skip_tracking":false,"_monsterinsights_sitenote_active":false,"_monsterinsights_sitenote_note":"","_monsterinsights_sitenote_category":0,"site-sidebar-layout":"no-sidebar","site-content-layout":"plain-container","ast-site-content-layout":"normal-width-container","site-content-style":"unboxed","site-sidebar-style":"unboxed","ast-global-header-display":"","ast-banner-title-visibility":"","ast-main-header-display":"","ast-hfb-above-header-display":"","ast-hfb-below-header-display":"","ast-hfb-mobile-header-display":"","site-post-title":"disabled","ast-breadcrumbs-content":"","ast-featured-img":"disabled","footer-sml-layout":"","theme-transparent-header-meta":"enabled","adv-header-id-meta":"","stick-header-meta":"","header-above-stick-meta":"","header-main-stick-meta":"","header-below-stick-meta":"","astra-migrate-meta-layouts":"set","ast-page-background-enabled":"default","ast-page-background-meta":{"desktop":{"background-color":"","background-image":"","background-repeat":"repeat","background-position":"center center","background-size":"auto","background-attachment":"scroll","background-type":"","background-media":"","overlay-type":"","overlay-color":"","overlay-gradient":""},"tablet":{"background-color":"","background-image":"","background-repeat":"repeat","background-position":"center center","background-size":"auto","background-attachment":"scroll","background-type":"","background-media":"","overlay-type":"","overlay-color":"","overlay-gradient":""},"mobile":{"background-color":"","background-image":"","background-repeat":"repeat","background-position":"center center","background-size":"auto","background-attachment":"scroll","background-type":"","background-media":"","overlay-type":"","overlay-color":"","overlay-gradient":""}},"ast-content-background-meta":{"desktop":{"background-color":"var(--ast-global-color-5)","background-image":"","background-repeat":"repeat","background-position":"center center","background-size":"auto","background-attachment":"scroll","background-type":"","background-media":"","overlay-type":"","overlay-color":"","overlay-gradient":""},"tablet":{"background-color":"var(--ast-global-color-5)","background-image":"","background-repeat":"repeat","background-position":"center center","background-size":"auto","background-attachment":"scroll","background-type":"","background-media":"","overlay-type":"","overlay-color":"","overlay-gradient":""},"mobile":{"background-color":"var(--ast-global-color-5)","background-image":"","background-repeat":"repeat","background-position":"center center","background-size":"auto","background-attachment":"scroll","background-type":"","background-media":"","overlay-type":"","overlay-color":"","overlay-gradient":""}},"footnotes":""},"class_list":["post-217","page","type-page","status-publish","hentry"],"aioseo_notices":[],"uagb_featured_image_src":{"full":false,"thumbnail":false,"medium":false,"medium_large":false,"large":false,"1536x1536":false,"2048x2048":false},"uagb_author_info":{"display_name":"BiocomMadagascar","author_link":"https:\/\/www.biocom-madagascar.org\/fr\/author\/biocommadagascar\/"},"uagb_comment_info":0,"uagb_excerpt":"Actualit\u00e9s Bienvenue sur le site du projet BIOCOM, un projet de l&rsquo;UNESCO financ\u00e9 par l&rsquo;Agence Cor\u00e9enne de Coop\u00e9ration Internationale (KOICA). Vous trouverez ici toutes les actualit\u00e9s du projet. Galerie de m\u00e9dias D\u00e9couvrez ici photos et vid\u00e9os de nos sites d&rsquo;interventions","_links":{"self":[{"href":"https:\/\/www.biocom-madagascar.org\/fr\/wp-json\/wp\/v2\/pages\/217","targetHints":{"allow":["GET"]}}],"collection":[{"href":"https:\/\/www.biocom-madagascar.org\/fr\/wp-json\/wp\/v2\/pages"}],"about":[{"href":"https:\/\/www.biocom-madagascar.org\/fr\/wp-json\/wp\/v2\/types\/page"}],"author":[{"embeddable":true,"href":"https:\/\/www.biocom-madagascar.org\/fr\/wp-json\/wp\/v2\/users\/1"}],"replies":[{"embeddable":true,"href":"https:\/\/www.biocom-madagascar.org\/fr\/wp-json\/wp\/v2\/comments?post=217"}],"version-history":[{"count":44,"href":"https:\/\/www.biocom-madagascar.org\/fr\/wp-json\/wp\/v2\/pages\/217\/revisions"}],"predecessor-version":[{"id":1491,"href":"https:\/\/www.biocom-madagascar.org\/fr\/wp-json\/wp\/v2\/pages\/217\/revisions\/1491"}],"wp:attachment":[{"href":"https:\/\/www.biocom-madagascar.org\/fr\/wp-json\/wp\/v2\/media?parent=217"}],"curies":[{"name":"wp","href":"https:\/\/api.w.org\/{rel}","templated":true}]}}