{"id":218,"date":"2020-05-12T03:43:04","date_gmt":"2020-05-12T03:43:04","guid":{"rendered":"https:\/\/biocom-madagascar.org\/fr\/about\/"},"modified":"2024-09-24T16:46:33","modified_gmt":"2024-09-24T16:46:33","slug":"a-propos","status":"publish","type":"page","link":"https:\/\/www.biocom-madagascar.org\/fr\/a-propos\/","title":{"rendered":"A propos du projet"},"content":{"rendered":"\n<div class=\"wp-block-uagb-container uagb-block-53d34b2f alignfull uagb-is-root-container\"><div class=\"uagb-container-inner-blocks-wrap\">\n<div style=\"height:250px\" aria-hidden=\"true\" class=\" wp-block-spacer eplus-wrapper\"><\/div>\n\n\n\n<h2 class=\" wp-block-heading has-text-align-center has-ast-global-color-5-color has-text-color eplus-wrapper\">A Propos du projet<\/h2>\n\n\n\n<div style=\"height:100px\" aria-hidden=\"true\" class=\" wp-block-spacer eplus-wrapper\"><\/div>\n\n\n\n<figure class=\" animated pulseGrow duration1 infinite eds-on-hover wp-block-image aligncenter size-full is-resized eplus-wrapper\"><a href=\"https:\/\/www.biocom-madagascar.org\/fr\/a-propos\/#information-generale\"><img decoding=\"async\" src=\"https:\/\/www.biocom-madagascar.org\/wp-content\/uploads\/2022\/10\/scroll-1-1.png\" alt=\"\" class=\"wp-image-1178\" style=\"width:50px;height:50px\"\/><\/a><\/figure>\n<\/div><\/div>\n\n\n\n<div class=\"wp-block-uagb-container uagb-block-a5a32eb8 alignfull uagb-is-root-container\"><div class=\"uagb-container-inner-blocks-wrap\"><div class=\"wp-block-columns eplus-wrapper is-layout-flex wp-container-core-columns-is-layout-28f84493 wp-block-columns-is-layout-flex eplus-styles-uid-0a8526\">\n<div class=\"wp-block-column eplus-wrapper is-layout-flow wp-block-column-is-layout-flow\">\n<h2 class=\" wp-block-heading has-text-align-center eplus-wrapper\" id=\"information-generale\">Informations G\u00e9n\u00e9rales<\/h2>\n\n\n\n<p class=\" eplus-wrapper\">Le Parc National de Marojejy et le Parc National d&rsquo;Andohela sont deux des six composantes des <a href=\"https:\/\/whc.unesco.org\/fr\/list\/1257\/\">for\u00eats humides de l\u2019Atsinanana<\/a>, un bien en s\u00e9rie du Patrimoine Mondial de l&rsquo;UNESCO. Ces for\u00eats reliques sont d&rsquo;une importance capitale pour le maintien des processus \u00e9cologiques en cours, n\u00e9cessaires \u00e0 la survie de la biodiversit\u00e9 unique de Madagascar, qui refl\u00e8te l&rsquo;histoire g\u00e9ologique de l&rsquo;\u00eele. Apr\u00e8s s&rsquo;\u00eatre s\u00e9par\u00e9e de toutes les autres masses terrestres il y a plus de 60 millions d&rsquo;ann\u00e9es, la faune et la flore de Madagascar ont \u00e9volu\u00e9 de mani\u00e8re isol\u00e9e. C&rsquo;est pourquoi les for\u00eats tropicales ont \u00e9t\u00e9 inscrites sur la liste du patrimoine mondial en 2007 en raison de leur importance pour les processus \u00e9cologiques et biologiques, ainsi que pour leur biodiversit\u00e9 et les esp\u00e8ces menac\u00e9es qu&rsquo;elles abritent. De nombreuses esp\u00e8ces y sont rares et menac\u00e9es, en particulier les primates et les l\u00e9muriens.<\/p>\n\n\n<div class=\"wp-block-columns eplus-wrapper is-layout-flex wp-container-core-columns-is-layout-28f84493 wp-block-columns-is-layout-flex eplus-styles-uid-8105cb\">\n<div class=\"wp-block-column eplus-wrapper is-layout-flow wp-block-column-is-layout-flow\">\n<p class=\" eplus-wrapper\">Le paysage harmonieux prot\u00e9g\u00e9 de la Montagne des Fran\u00e7ais est l&rsquo;une des aires prot\u00e9g\u00e9es du nord de Madagascar. Il s&rsquo;agit d&rsquo;une for\u00eat s\u00e8che \u00e0 feuilles caduques avec des fourr\u00e9s courts et une v\u00e9g\u00e9tation rupicole qui abrite des esp\u00e8ces end\u00e9miques. Le site est confront\u00e9 \u00e0 de nombreuses menaces telles que la conversion extensive des arbres de la for\u00eat en charbon de bois, l&rsquo;agriculture sur br\u00fblis et la chasse au l\u00e9murien.<\/p>\n\n\n\n<p class=\" eplus-wrapper\">Ces zones prot\u00e9g\u00e9es fournissent aux communaut\u00e9s locales des services \u00e9cosyst\u00e9miques cruciaux tels que l&rsquo;\u00e9coulement et la qualit\u00e9 de l&rsquo;eau, la conservation des habitats qui maintiennent des zones d&rsquo;alimentation et de reproduction pour les p\u00eacheries, la r\u00e9duction de la d\u00e9gradation des sols, la pollinisation des fleurs par les abeilles et le stockage du carbone. En outre, les communaut\u00e9s locales s&rsquo;engagent dans des activit\u00e9s d&rsquo;\u00e9cotourisme dans ces r\u00e9gions. Dans le m\u00eame temps, ces zones prot\u00e9g\u00e9es contribuent au stockage et \u00e0 la capture des gaz \u00e0 effet de serre. Elles aident donc les populations \u00e0 s&rsquo;adapter au changement climatique.<\/p>\n\n\n\n<p class=\" eplus-wrapper\">Cependant, ces zones prot\u00e9g\u00e9es sont confront\u00e9es \u00e0 de nombreuses menaces anthropiques telles que l&rsquo;exploitation ill\u00e9gale d&rsquo;esp\u00e8ces de bois pr\u00e9cieux, la chasse et le braconnage de l\u00e9muriens menac\u00e9s, la conversion des terres pour produire du charbon de bois, l&rsquo;exploitation mini\u00e8re artisanale, l&#8217;empi\u00e8tement, les incendies, etc. Par cons\u00e9quent, les for\u00eats tropicales humides d&rsquo;Atsinanana ont \u00e9t\u00e9 inscrites sur la <a href=\"https:\/\/whc.unesco.org\/fr\/peril\/\">Liste du patrimoine mondial en p\u00e9ril<\/a> depuis 2010, et le paysage harmonieux prot\u00e9g\u00e9 de la Montagne des Fran\u00e7ais subit \u00e9galement des menaces aussi graves.<\/p>\n\n\n\n<p class=\" eplus-wrapper\">Pour conserver la <a href=\"https:\/\/whc.unesco.org\/fr\/compendium\/?&amp;&amp;Documents=1&amp;action=list&amp;id_faq_themes=962\">valeur universelle exceptionnelle<\/a> du bien du patrimoine mondial et sauvegarder le paysage harmonieux prot\u00e9g\u00e9 de la Montagne des Fran\u00e7ais, l&rsquo;UNESCO a lanc\u00e9 un projet BIOCOM, un projet sur la conservation de la <strong>bio<\/strong>diversit\u00e9 et la gestion durable des ressources naturelles pour le d\u00e9veloppement <strong>com<\/strong>munautaire int\u00e9gr\u00e9 dans les parcs nationaux de Madagascar, financ\u00e9 par l&rsquo;Agence cor\u00e9enne de coop\u00e9ration internationale (KOICA). Le projet est d&rsquo;une dur\u00e9e de 52 mois allant de 2020-2024.<\/p>\n<\/div>\n\n\n\n<div class=\"wp-block-column eplus-wrapper is-layout-flow wp-block-column-is-layout-flow\"><style type=\"text\/css\" id=\"umsMapStyles_1_59028\">\r\n\t#ultimate_maps_1_59028 {\r\n        width: 100%;\r\n        height: 500px;\r\n\t        border: 0px solid ;\r\n        margin: 0px;\r\n    }\r\n\t#mapsControlsNum_1_59028 {\r\n\t\twidth:100%\t}\r\n\t.umsMapDetailsContainer#umsMapDetailsContainer_1_59028 {\r\n\t\theight:500px;\r\n\t}\r\n\t.ums_MapPreview#ultimate_maps_1_59028 {\r\n\t\t\/*position:absolute;*\/\r\n\t\twidth:100%;\r\n\t}\r\n\t#mapConElem_1_59028{\r\n\t\twidth:100%\t}\r\n\t<\/style>\r\n<div class=\"ums_map_opts\" id=\"mapConElem_1_59028\" data-id=\"1\" data-view-id=\"1_59028\" > <div class=\"umsMapDetailsContainer\" id=\"umsMapDetailsContainer_1_59028\"> <i class=\"umsKMLLayersPreloader fa fa-spinner fa-spin\" aria-hidden=\"true\" style=\"display: none;\"><\/i> <div class=\"ums_MapPreview \" id=\"ultimate_maps_1_59028\"><\/div> <\/div> <div class=\"umsMapMarkerFilters\" id=\"umsMapMarkerFilters_1_59028\"> <\/div> <div class=\"umsMapProControlsCon\" id=\"umsMapProControlsCon_1_59028\"> <\/div> <div class=\"umsMapProDirectionsCon\" id=\"umsMapProDirectionsCon_1_59028\" > <\/div> <div class=\"umsMapProKmlFilterCon\" id=\"umsMapProKmlFilterCon_1_59028\" > <\/div> <div class=\"umsSocialSharingShell umsSocialSharingShell_1_59028\"> <\/div> <div style=\"clear: both;\"><\/div> <\/div> \n<\/div>\n<\/div><\/div>\n<\/div><\/div><\/div>\n\n\n\n<div class=\"wp-block-uagb-container uagb-block-809bbc02 alignfull uagb-is-root-container\"><div class=\"uagb-container-inner-blocks-wrap\"><div class=\"wp-block-columns eplus-wrapper is-layout-flex wp-container-core-columns-is-layout-28f84493 wp-block-columns-is-layout-flex eplus-styles-uid-3e46c7\">\n<div class=\"wp-block-column eplus-wrapper is-layout-flow wp-block-column-is-layout-flow\">\n<h2 class=\" wp-block-heading has-text-align-center eplus-wrapper\" id=\"beneficiaires\">B\u00e9n\u00e9ficiaires<\/h2>\n\n\n\n<p class=\" eplus-wrapper\">250 000 communaut\u00e9s locales \u00e0 faible revenu vivant autour du Parc National de Marojejy, du Parc National d&rsquo;Andohahela et du Paysage Harmonieux Prot\u00e9g\u00e9 de la Montagne des Fran\u00e7ais, y compris 45 \u00e9coles primaires et secondaires avec 6 000 enfants et 280 jeunes et femmes, seront les b\u00e9n\u00e9ficiaires du projet BIOCOM.<\/p>\n<\/div>\n<\/div><\/div><\/div>\n\n\n\n<div class=\"wp-block-uagb-container uagb-block-064dd1ee alignfull uagb-is-root-container\"><div class=\"uagb-container-inner-blocks-wrap\"><div class=\"wp-block-columns eplus-wrapper is-layout-flex wp-container-core-columns-is-layout-28f84493 wp-block-columns-is-layout-flex eplus-styles-uid-83b487\">\n<div class=\"wp-block-column eplus-wrapper is-layout-flow wp-block-column-is-layout-flow\">\n<h2 class=\" wp-block-heading has-text-align-center eplus-wrapper\" id=\"objectifs\">Objectifs et r\u00e9sultats<\/h2>\n\n\n<div class=\"wp-block-columns eplus-wrapper is-layout-flex wp-container-core-columns-is-layout-28f84493 wp-block-columns-is-layout-flex eplus-styles-uid-b68bcd\">\n<div class=\"wp-block-column eplus-wrapper is-layout-flow wp-block-column-is-layout-flow\">\n<p class=\" eplus-wrapper\">Les objectifs du projet BIOCOM sont de conserver la <a href=\"https:\/\/whc.unesco.org\/fr\/compendium\/?&amp;&amp;Documents=1&amp;action=list&amp;id_faq_themes=962\">valeur universelle exceptionnelle<\/a> du bien du patrimoine mondial et de sauvegarder le paysage harmonieux prot\u00e9g\u00e9 de la Montagne des Fran\u00e7ais. Les trois r\u00e9sultats permettant d&rsquo;atteindre ces objectifs sont les suivants :<\/p>\n\n\n<ul class=\" wp-block-list eplus-wrapper eplus-styles-uid-79faa5\">\n<li class=\" eplus-wrapper\"><strong>R\u00e9sultat 1 : <\/strong>Une r\u00e9duction de la d\u00e9forestation et une augmentation de la superficie des for\u00eats \u00e9cologiquement intactes, ainsi que les premi\u00e8res phases de restauration des habitats d\u00e9grad\u00e9s. Les zones prot\u00e9g\u00e9es sont bien surveill\u00e9es, la conservation \u00e0 long terme est assur\u00e9e et la recherche progresse en fonction des besoins.<\/li>\n\n\n\n<li class=\" eplus-wrapper\"><strong>R\u00e9sultat 2 : <\/strong>Les parcs sont g\u00e9r\u00e9s et prot\u00e9g\u00e9s efficacement, les moyens de subsistance durables (activit\u00e9s g\u00e9n\u00e9ratrices de revenus alternatifs) des communaut\u00e9s locales sont d\u00e9velopp\u00e9s.<\/li>\n\n\n\n<li class=\" eplus-wrapper\"><strong>R\u00e9sultat 3 : <\/strong>Engagement accru des jeunes et des femmes dans la gouvernance des ressources naturelles par le biais d&rsquo;activit\u00e9s de sensibilisation, de formation et de renforcement des capacit\u00e9s.<\/li>\n<\/ul><\/div>\n<\/div><\/div>\n<\/div><\/div><\/div>\n\n\n\n<div class=\"wp-block-uagb-container uagb-block-39e880af alignfull uagb-is-root-container\"><div class=\"uagb-container-inner-blocks-wrap\"><div class=\"wp-block-columns eplus-wrapper is-layout-flex wp-container-core-columns-is-layout-28f84493 wp-block-columns-is-layout-flex eplus-styles-uid-383cfe\">\n<div class=\"wp-block-column eplus-wrapper is-layout-flow wp-block-column-is-layout-flow\">\n<h2 class=\" wp-block-heading has-text-align-center eplus-wrapper\" id=\"contribution-aux-odd\">Contribution aux ODD<\/h2>\n\n\n\n<p class=\" eplus-wrapper\">Le projet BIOCOM contribuera \u00e0 :<\/p>\n\n\n<div class=\"wp-block-columns eplus-wrapper is-layout-flex wp-container-core-columns-is-layout-28f84493 wp-block-columns-is-layout-flex eplus-styles-uid-acd083\">\n<div class=\"wp-block-column eplus-wrapper is-layout-flow wp-block-column-is-layout-flow\"><div class=\"wp-block-columns eplus-wrapper is-layout-flex wp-container-core-columns-is-layout-28f84493 wp-block-columns-is-layout-flex eplus-styles-uid-26d7e0\">\n<div class=\"wp-block-column eplus-wrapper is-layout-flow wp-block-column-is-layout-flow\">\n<figure class=\" wp-block-image size-large eplus-wrapper\"><a href=\"https:\/\/www.un.org\/sustainabledevelopment\/fr\/education\/\" target=\"_blank\" rel=\"noreferrer noopener\"><img loading=\"lazy\" decoding=\"async\" width=\"1024\" height=\"1024\" src=\"https:\/\/www.biocom-madagascar.org\/fr\/wp-content\/uploads\/2024\/02\/F-WEB-Goal-04-1024x1024.png\" alt=\"\" class=\"wp-image-1340\" srcset=\"https:\/\/www.biocom-madagascar.org\/fr\/wp-content\/uploads\/2024\/02\/F-WEB-Goal-04-1024x1024.png 1024w, https:\/\/www.biocom-madagascar.org\/fr\/wp-content\/uploads\/2024\/02\/F-WEB-Goal-04-300x300.png 300w, https:\/\/www.biocom-madagascar.org\/fr\/wp-content\/uploads\/2024\/02\/F-WEB-Goal-04-150x150.png 150w, https:\/\/www.biocom-madagascar.org\/fr\/wp-content\/uploads\/2024\/02\/F-WEB-Goal-04-768x768.png 768w, https:\/\/www.biocom-madagascar.org\/fr\/wp-content\/uploads\/2024\/02\/F-WEB-Goal-04.png 1500w\" sizes=\"auto, (max-width: 1024px) 100vw, 1024px\" \/><\/a><\/figure>\n<\/div>\n\n\n\n<div class=\"wp-block-column eplus-wrapper is-layout-flow wp-block-column-is-layout-flow\">\n<figure class=\" wp-block-image size-large eplus-wrapper\"><a href=\"https:\/\/www.un.org\/sustainabledevelopment\/fr\/economic-growth\/\" target=\"_blank\" rel=\"noreferrer noopener\"><img loading=\"lazy\" decoding=\"async\" width=\"1024\" height=\"1024\" src=\"https:\/\/www.biocom-madagascar.org\/fr\/wp-content\/uploads\/2024\/02\/F-WEB-Goal-08-1024x1024.png\" alt=\"\" class=\"wp-image-1341\" srcset=\"https:\/\/www.biocom-madagascar.org\/fr\/wp-content\/uploads\/2024\/02\/F-WEB-Goal-08-1024x1024.png 1024w, https:\/\/www.biocom-madagascar.org\/fr\/wp-content\/uploads\/2024\/02\/F-WEB-Goal-08-300x300.png 300w, https:\/\/www.biocom-madagascar.org\/fr\/wp-content\/uploads\/2024\/02\/F-WEB-Goal-08-150x150.png 150w, https:\/\/www.biocom-madagascar.org\/fr\/wp-content\/uploads\/2024\/02\/F-WEB-Goal-08-768x768.png 768w, https:\/\/www.biocom-madagascar.org\/fr\/wp-content\/uploads\/2024\/02\/F-WEB-Goal-08.png 1500w\" sizes=\"auto, (max-width: 1024px) 100vw, 1024px\" \/><\/a><\/figure>\n<\/div>\n<\/div><\/div>\n\n\n\n<div class=\"wp-block-column eplus-wrapper is-layout-flow wp-block-column-is-layout-flow\"><div class=\"wp-block-columns eplus-wrapper is-layout-flex wp-container-core-columns-is-layout-28f84493 wp-block-columns-is-layout-flex eplus-styles-uid-6931e5\">\n<div class=\"wp-block-column eplus-wrapper is-layout-flow wp-block-column-is-layout-flow\">\n<figure class=\" wp-block-image size-large eplus-wrapper\"><a href=\"https:\/\/www.un.org\/sustainabledevelopment\/fr\/climate-change-2\/\" target=\"_blank\" rel=\"noreferrer noopener\"><img loading=\"lazy\" decoding=\"async\" width=\"1024\" height=\"1024\" src=\"https:\/\/www.biocom-madagascar.org\/fr\/wp-content\/uploads\/2024\/02\/F-WEB-Goal-13-1024x1024.png\" alt=\"\" class=\"wp-image-1342\" srcset=\"https:\/\/www.biocom-madagascar.org\/fr\/wp-content\/uploads\/2024\/02\/F-WEB-Goal-13-1024x1024.png 1024w, https:\/\/www.biocom-madagascar.org\/fr\/wp-content\/uploads\/2024\/02\/F-WEB-Goal-13-300x300.png 300w, https:\/\/www.biocom-madagascar.org\/fr\/wp-content\/uploads\/2024\/02\/F-WEB-Goal-13-150x150.png 150w, https:\/\/www.biocom-madagascar.org\/fr\/wp-content\/uploads\/2024\/02\/F-WEB-Goal-13-768x768.png 768w, https:\/\/www.biocom-madagascar.org\/fr\/wp-content\/uploads\/2024\/02\/F-WEB-Goal-13.png 1500w\" sizes=\"auto, (max-width: 1024px) 100vw, 1024px\" \/><\/a><\/figure>\n<\/div>\n\n\n\n<div class=\"wp-block-column eplus-wrapper is-layout-flow wp-block-column-is-layout-flow\">\n<figure class=\" wp-block-image size-large eplus-wrapper\"><a href=\"https:\/\/www.un.org\/sustainabledevelopment\/fr\/biodiversity\/\" target=\"_blank\" rel=\"noreferrer noopener\"><img loading=\"lazy\" decoding=\"async\" width=\"1024\" height=\"1024\" src=\"https:\/\/www.biocom-madagascar.org\/fr\/wp-content\/uploads\/2024\/02\/F-WEB-Goal-15-1024x1024.png\" alt=\"\" class=\"wp-image-1343\" srcset=\"https:\/\/www.biocom-madagascar.org\/fr\/wp-content\/uploads\/2024\/02\/F-WEB-Goal-15-1024x1024.png 1024w, https:\/\/www.biocom-madagascar.org\/fr\/wp-content\/uploads\/2024\/02\/F-WEB-Goal-15-300x300.png 300w, https:\/\/www.biocom-madagascar.org\/fr\/wp-content\/uploads\/2024\/02\/F-WEB-Goal-15-150x150.png 150w, https:\/\/www.biocom-madagascar.org\/fr\/wp-content\/uploads\/2024\/02\/F-WEB-Goal-15-768x768.png 768w, https:\/\/www.biocom-madagascar.org\/fr\/wp-content\/uploads\/2024\/02\/F-WEB-Goal-15.png 1500w\" sizes=\"auto, (max-width: 1024px) 100vw, 1024px\" \/><\/a><\/figure>\n<\/div>\n<\/div><\/div>\n<\/div>\n\n\n<p class=\" eplus-wrapper\"><\/p>\n\n\n\n<p class=\" eplus-wrapper\">Cliquez sur un objectif sp\u00e9cifique ci-dessus pour en savoir plus<\/p>\n<\/div>\n<\/div><\/div><\/div>\n","protected":false},"excerpt":{"rendered":"<p>A Propos du projet Informations G\u00e9n\u00e9rales Le Parc National de Marojejy et le Parc National d&rsquo;Andohela sont deux des six composantes des for\u00eats humides de l\u2019Atsinanana, un bien en s\u00e9rie du Patrimoine Mondial de l&rsquo;UNESCO. Ces for\u00eats reliques sont d&rsquo;une importance capitale pour le maintien des processus \u00e9cologiques en cours, n\u00e9cessaires \u00e0 la survie de &hellip;<\/p>\n<p class=\"read-more\"> <a class=\"\" href=\"https:\/\/www.biocom-madagascar.org\/fr\/a-propos\/\"> <span class=\"screen-reader-text\">A propos du projet<\/span> Lire la suite \u00bb<\/a><\/p>\n","protected":false},"author":1,"featured_media":0,"parent":0,"menu_order":0,"comment_status":"closed","ping_status":"closed","template":"","meta":{"_editorskit_title_hidden":false,"_editorskit_reading_time":3,"_editorskit_is_block_options_detached":false,"_editorskit_block_options_position":"{}","_eb_attr":"","om_disable_all_campaigns":false,"_uag_custom_page_level_css":"","editor_plus_copied_stylings":"{}","_monsterinsights_skip_tracking":false,"_monsterinsights_sitenote_active":false,"_monsterinsights_sitenote_note":"","_monsterinsights_sitenote_category":0,"site-sidebar-layout":"no-sidebar","site-content-layout":"plain-container","ast-site-content-layout":"normal-width-container","site-content-style":"unboxed","site-sidebar-style":"unboxed","ast-global-header-display":"","ast-banner-title-visibility":"","ast-main-header-display":"","ast-hfb-above-header-display":"","ast-hfb-below-header-display":"","ast-hfb-mobile-header-display":"","site-post-title":"disabled","ast-breadcrumbs-content":"","ast-featured-img":"disabled","footer-sml-layout":"","theme-transparent-header-meta":"enabled","adv-header-id-meta":"","stick-header-meta":"","header-above-stick-meta":"","header-main-stick-meta":"","header-below-stick-meta":"","astra-migrate-meta-layouts":"set","ast-page-background-enabled":"default","ast-page-background-meta":{"desktop":{"background-color":"","background-image":"","background-repeat":"repeat","background-position":"center center","background-size":"auto","background-attachment":"scroll","background-type":"","background-media":"","overlay-type":"","overlay-color":"","overlay-gradient":""},"tablet":{"background-color":"","background-image":"","background-repeat":"repeat","background-position":"center center","background-size":"auto","background-attachment":"scroll","background-type":"","background-media":"","overlay-type":"","overlay-color":"","overlay-gradient":""},"mobile":{"background-color":"","background-image":"","background-repeat":"repeat","background-position":"center center","background-size":"auto","background-attachment":"scroll","background-type":"","background-media":"","overlay-type":"","overlay-color":"","overlay-gradient":""}},"ast-content-background-meta":{"desktop":{"background-color":"var(--ast-global-color-5)","background-image":"","background-repeat":"repeat","background-position":"center center","background-size":"auto","background-attachment":"scroll","background-type":"","background-media":"","overlay-type":"","overlay-color":"","overlay-gradient":""},"tablet":{"background-color":"var(--ast-global-color-5)","background-image":"","background-repeat":"repeat","background-position":"center center","background-size":"auto","background-attachment":"scroll","background-type":"","background-media":"","overlay-type":"","overlay-color":"","overlay-gradient":""},"mobile":{"background-color":"var(--ast-global-color-5)","background-image":"","background-repeat":"repeat","background-position":"center center","background-size":"auto","background-attachment":"scroll","background-type":"","background-media":"","overlay-type":"","overlay-color":"","overlay-gradient":""}},"footnotes":""},"class_list":["post-218","page","type-page","status-publish","hentry"],"aioseo_notices":[],"uagb_featured_image_src":{"full":false,"thumbnail":false,"medium":false,"medium_large":false,"large":false,"1536x1536":false,"2048x2048":false},"uagb_author_info":{"display_name":"BiocomMadagascar","author_link":"https:\/\/www.biocom-madagascar.org\/fr\/author\/biocommadagascar\/"},"uagb_comment_info":0,"uagb_excerpt":"A Propos du projet Informations G\u00e9n\u00e9rales Le Parc National de Marojejy et le Parc National d&rsquo;Andohela sont deux des six composantes des for\u00eats humides de l\u2019Atsinanana, un bien en s\u00e9rie du Patrimoine Mondial de l&rsquo;UNESCO. Ces for\u00eats reliques sont d&rsquo;une importance capitale pour le maintien des processus \u00e9cologiques en cours, n\u00e9cessaires \u00e0 la survie de\u2026","_links":{"self":[{"href":"https:\/\/www.biocom-madagascar.org\/fr\/wp-json\/wp\/v2\/pages\/218","targetHints":{"allow":["GET"]}}],"collection":[{"href":"https:\/\/www.biocom-madagascar.org\/fr\/wp-json\/wp\/v2\/pages"}],"about":[{"href":"https:\/\/www.biocom-madagascar.org\/fr\/wp-json\/wp\/v2\/types\/page"}],"author":[{"embeddable":true,"href":"https:\/\/www.biocom-madagascar.org\/fr\/wp-json\/wp\/v2\/users\/1"}],"replies":[{"embeddable":true,"href":"https:\/\/www.biocom-madagascar.org\/fr\/wp-json\/wp\/v2\/comments?post=218"}],"version-history":[{"count":41,"href":"https:\/\/www.biocom-madagascar.org\/fr\/wp-json\/wp\/v2\/pages\/218\/revisions"}],"predecessor-version":[{"id":1458,"href":"https:\/\/www.biocom-madagascar.org\/fr\/wp-json\/wp\/v2\/pages\/218\/revisions\/1458"}],"wp:attachment":[{"href":"https:\/\/www.biocom-madagascar.org\/fr\/wp-json\/wp\/v2\/media?parent=218"}],"curies":[{"name":"wp","href":"https:\/\/api.w.org\/{rel}","templated":true}]}}