{"id":907,"date":"2022-10-13T12:11:09","date_gmt":"2022-10-13T12:11:09","guid":{"rendered":"https:\/\/biocom-madagascar.org\/fr\/?page_id=907"},"modified":"2024-09-24T19:43:37","modified_gmt":"2024-09-24T19:43:37","slug":"partenaires","status":"publish","type":"page","link":"https:\/\/www.biocom-madagascar.org\/fr\/partenaires\/","title":{"rendered":"Partenaires"},"content":{"rendered":"\n<div class=\"wp-block-uagb-container uagb-block-0a1c5f80 alignfull uagb-is-root-container\"><div class=\"uagb-container-inner-blocks-wrap\">\n<div style=\"height:250px\" aria-hidden=\"true\" class=\" wp-block-spacer eplus-wrapper\"><\/div>\n\n\n\n<h1 class=\" wp-block-heading has-text-align-center has-ast-global-color-5-color has-text-color eplus-wrapper\" id=\"partenaires\">Partenaires<\/h1>\n\n\n\n<div style=\"height:80px\" aria-hidden=\"true\" class=\" wp-block-spacer eplus-wrapper\"><\/div>\n\n\n\n<figure class=\" animated pulseGrow duration1 infinite eds-on-hover wp-block-image aligncenter size-full is-resized eplus-wrapper\"><a href=\"https:\/\/www.biocom-madagascar.org\/fr\/partenaires\/#gouvernement-de-madagascar\"><img decoding=\"async\" src=\"https:\/\/www.biocom-madagascar.org\/wp-content\/uploads\/2022\/10\/scroll-1-1.png\" alt=\"\" class=\"wp-image-1178\" style=\"width:50px;height:50px\"\/><\/a><\/figure>\n<\/div><\/div>\n\n\n\n<div class=\"wp-block-uagb-container uagb-block-828b7d59 alignfull uagb-is-root-container\"><div class=\"uagb-container-inner-blocks-wrap\">\n<h2 class=\" wp-block-heading has-text-align-center eplus-wrapper\">Gouvernement de Madagascar<\/h2>\n<\/div><\/div>\n\n\n\n<div class=\"wp-block-uagb-container uagb-block-ff4148b1 alignfull uagb-is-root-container\"><div class=\"uagb-container-inner-blocks-wrap\"><div class=\"wp-block-columns eplus-wrapper is-layout-flex wp-container-core-columns-is-layout-28f84493 wp-block-columns-is-layout-flex eplus-styles-uid-ea1eb5\">\n<div class=\"wp-block-column is-vertically-aligned-center eplus-wrapper is-layout-flow wp-block-column-is-layout-flow\" style=\"flex-basis:100%\">\n<div class=\"wp-block-uagb-container uagb-block-438e6587\">\n<p class=\" eplus-wrapper\">Pour mettre en \u0153uvre le projet BIOCOM, l&rsquo;UNESCO coop\u00e8re avec :<\/p>\n<\/div>\n\n\n<div class=\"wp-block-columns eplus-wrapper is-layout-flex wp-container-core-columns-is-layout-28f84493 wp-block-columns-is-layout-flex eplus-styles-uid-202186\">\n<div class=\"wp-block-column eplus-wrapper is-layout-flow wp-block-column-is-layout-flow\">\n<p class=\" eplus-wrapper\"><strong><a href=\"https:\/\/www.environnement.mg\/\" target=\"_blank\" rel=\"noopener\">Minist\u00e8re de l\u2019Environnement et du D\u00e9veloppement Durable (MEDD)<\/a><\/strong><\/p>\n\n\n<ul class=\" wp-block-list eplus-wrapper eplus-styles-uid-b1d963\">\n<li class=\" eplus-wrapper\">Propri\u00e9taire des aires prot\u00e9g\u00e9es<\/li>\n\n\n\n<li class=\" eplus-wrapper\">Facilite la coordination du projet et la coop\u00e9ration avec les autorit\u00e9s<\/li>\n<\/ul>\n\n\n<figure class=\" wp-block-image size-full is-resized eplus-wrapper\"><img loading=\"lazy\" decoding=\"async\" width=\"225\" height=\"225\" src=\"https:\/\/www.biocom-madagascar.org\/fr\/wp-content\/uploads\/2024\/02\/MEDD.jpg\" alt=\"\" class=\"wp-image-1325\" style=\"width:215px;height:auto\" srcset=\"https:\/\/www.biocom-madagascar.org\/fr\/wp-content\/uploads\/2024\/02\/MEDD.jpg 225w, https:\/\/www.biocom-madagascar.org\/fr\/wp-content\/uploads\/2024\/02\/MEDD-150x150.jpg 150w\" sizes=\"auto, (max-width: 225px) 100vw, 225px\" \/><\/figure>\n<\/div>\n\n\n\n<div class=\"wp-block-column eplus-wrapper is-layout-flow wp-block-column-is-layout-flow\">\n<p class=\" eplus-wrapper\"><strong><a href=\"https:\/\/www.education.gov.mg\/\" target=\"_blank\" rel=\"noopener\">Minist\u00e8re de l&rsquo;Education Nationale (MEN)<\/a><\/strong><\/p>\n\n\n<ul class=\" wp-block-list eplus-wrapper eplus-styles-uid-435f00\">\n<li class=\" eplus-wrapper\">Appuie la mobilisation et le fonctionnement des \u00e9coles<\/li>\n\n\n\n<li class=\" eplus-wrapper\">Collabore avec l&rsquo;UNESCO pour mettre en \u0153uvre des activit\u00e9s d&rsquo;\u00e9ducation au d\u00e9veloppement durable (EDD)<\/li>\n<\/ul>\n\n\n<figure class=\" wp-block-image size-full is-resized eplus-wrapper\"><img loading=\"lazy\" decoding=\"async\" width=\"1020\" height=\"1024\" src=\"https:\/\/www.biocom-madagascar.org\/fr\/wp-content\/uploads\/2024\/02\/Logo-MEN-FR-1020x1024-1.jpg\" alt=\"\" class=\"wp-image-1326\" style=\"width:201px;height:auto\" srcset=\"https:\/\/www.biocom-madagascar.org\/fr\/wp-content\/uploads\/2024\/02\/Logo-MEN-FR-1020x1024-1.jpg 1020w, https:\/\/www.biocom-madagascar.org\/fr\/wp-content\/uploads\/2024\/02\/Logo-MEN-FR-1020x1024-1-300x300.jpg 300w, https:\/\/www.biocom-madagascar.org\/fr\/wp-content\/uploads\/2024\/02\/Logo-MEN-FR-1020x1024-1-150x150.jpg 150w, https:\/\/www.biocom-madagascar.org\/fr\/wp-content\/uploads\/2024\/02\/Logo-MEN-FR-1020x1024-1-768x771.jpg 768w\" sizes=\"auto, (max-width: 1020px) 100vw, 1020px\" \/><\/figure>\n<\/div>\n\n\n\n<div class=\"wp-block-column eplus-wrapper is-layout-flow wp-block-column-is-layout-flow\">\n<p class=\" eplus-wrapper\"><strong><a href=\"https:\/\/www.metfp.gov.mg\/\" target=\"_blank\" rel=\"noopener\">Minist\u00e8re de l&rsquo;enseignement technique et de la formation professionnelle (MEFTP)<\/a><\/strong><\/p>\n\n\n<ul class=\" wp-block-list eplus-wrapper eplus-styles-uid-28e37e\">\n<li class=\" eplus-wrapper\">Approuve l&rsquo;ouverture des centres d&rsquo;EFTP<\/li>\n\n\n\n<li class=\" eplus-wrapper\">S&rsquo;assure de la disponibilit\u00e9 et de l&rsquo;affectation des enseignants et du personnel administratif dans les centres d&rsquo;EFTP<\/li>\n<\/ul>\n\n\n<figure class=\" wp-block-image size-full is-resized eplus-wrapper\"><img loading=\"lazy\" decoding=\"async\" width=\"150\" height=\"150\" src=\"https:\/\/www.biocom-madagascar.org\/fr\/wp-content\/uploads\/2024\/02\/METFP.png\" alt=\"\" class=\"wp-image-1327\" style=\"width:219px;height:auto\"><\/figure>\n<\/div>\n<\/div><\/div>\n<\/div><\/div><\/div>\n\n\n\n<div class=\"wp-block-uagb-container uagb-block-dca78562 alignfull uagb-is-root-container\"><div class=\"uagb-container-inner-blocks-wrap\">\n<div class=\"wp-block-uagb-container uagb-block-779a8558\">\n<h2 class=\" wp-block-heading eplus-wrapper\" id=\"parties-charg\u00e9es-execution\">Partenaires de mise en oeuvre <\/h2>\n\n\n\n<p class=\" eplus-wrapper\">Le projet BIOCOM est mis en \u0153uvre en collaboration avec :<\/p>\n\n\n\n<h6 class=\" wp-block-heading eplus-wrapper\"><a href=\"https:\/\/www.parcs-madagascar.com\/\" target=\"_blank\" rel=\"noopener\">Madagascar National Parks (MNP)<\/a><\/h6>\n\n\n<ul class=\" wp-block-list eplus-wrapper eplus-styles-uid-b7d5f2\">\n<li class=\" eplus-wrapper\">Mise en \u0153uvre des activit\u00e9s des r\u00e9sultats 1 et 2 dans et autour des for\u00eats humides de l&rsquo;Atsinanana, bien du patrimoine mondial<\/li>\n\n\n\n<li class=\" eplus-wrapper\">Soutien \u00e0 l&rsquo;Association Vahatra pour la recherche scientifique<\/li>\n<\/ul>\n\n\n<p class=\" eplus-wrapper\"><\/p>\n\n\n\n<h6 class=\" wp-block-heading eplus-wrapper\"><a href=\"http:\/\/www.madagascar-sage.org\/\" target=\"_blank\" rel=\"noopener\">Service d&rsquo;Appui \u00e0 la Gestion de l&rsquo;Environnement (SAGE)<\/a><\/h6>\n\n\n<ul class=\" wp-block-list eplus-wrapper eplus-styles-uid-8e6525\">\n<li class=\" eplus-wrapper\">Mise en \u0153uvre des activit\u00e9s des r\u00e9sultats 1 et 2 dans le paysage harmonieux prot\u00e9g\u00e9 de la Montagne des Fran\u00e7ais<\/li>\n\n\n\n<li class=\" eplus-wrapper\">Soutien \u00e0 l&rsquo;association Vahatra pour la recherche scientifique<\/li>\n<\/ul>\n\n\n<p class=\" eplus-wrapper\"><\/p>\n\n\n\n<h6 class=\" wp-block-heading eplus-wrapper\">Association Vahatra<\/h6>\n\n\n<ul class=\" wp-block-list eplus-wrapper eplus-styles-uid-7b65ac\">\n<li class=\" eplus-wrapper\">Mise en \u0153uvre d&rsquo;activit\u00e9s de recherche scientifique<\/li>\n<\/ul><\/div>\n\n\n\n<div class=\"wp-block-uagb-container uagb-block-76c83547\">\n<figure class=\" wp-block-image size-large eplus-wrapper\"><img loading=\"lazy\" decoding=\"async\" width=\"1024\" height=\"448\" src=\"https:\/\/www.biocom-madagascar.org\/fr\/wp-content\/uploads\/2024\/02\/LOGOS-Partenaires-BIOCOM-1024x448.png\" alt=\"\" class=\"wp-image-1322\" srcset=\"https:\/\/www.biocom-madagascar.org\/fr\/wp-content\/uploads\/2024\/02\/LOGOS-Partenaires-BIOCOM-1024x448.png 1024w, https:\/\/www.biocom-madagascar.org\/fr\/wp-content\/uploads\/2024\/02\/LOGOS-Partenaires-BIOCOM-300x131.png 300w, https:\/\/www.biocom-madagascar.org\/fr\/wp-content\/uploads\/2024\/02\/LOGOS-Partenaires-BIOCOM-768x336.png 768w, https:\/\/www.biocom-madagascar.org\/fr\/wp-content\/uploads\/2024\/02\/LOGOS-Partenaires-BIOCOM-1536x672.png 1536w, https:\/\/www.biocom-madagascar.org\/fr\/wp-content\/uploads\/2024\/02\/LOGOS-Partenaires-BIOCOM-2048x896.png 2048w\" sizes=\"auto, (max-width: 1024px) 100vw, 1024px\" \/><\/figure>\n<\/div>\n<\/div><\/div>\n\n\n\n<div class=\"wp-block-uagb-container uagb-block-de29ee76 alignfull uagb-is-root-container\"><div class=\"uagb-container-inner-blocks-wrap\">\n<h2 class=\" wp-block-heading has-text-align-center eplus-wrapper\">Comit\u00e9s directeurs<\/h2>\n<\/div><\/div>\n\n\n\n<p class=\" eplus-wrapper\">Pour assurer la r\u00e9ussite du projet BIOCOM, il existe deux comit\u00e9s:<\/p>\n\n\n<div class=\"wp-block-columns eplus-wrapper is-layout-flex wp-container-core-columns-is-layout-28f84493 wp-block-columns-is-layout-flex eplus-styles-uid-572421\">\n<div class=\"wp-block-column eplus-wrapper is-layout-flow wp-block-column-is-layout-flow\">\n<h6 class=\" wp-block-heading eplus-wrapper\"><strong>COMIT\u00c9 D<\/strong>IRECTEUR<\/h6>\n\n\n\n<p class=\" eplus-wrapper\">R\u00f4les :<\/p>\n\n\n<ul class=\" wp-block-list eplus-wrapper eplus-styles-uid-b5e1c2\">\n<li class=\" eplus-wrapper\">Assurer le bon fonctionnement du projet<\/li>\n\n\n\n<li class=\" eplus-wrapper\">Am\u00e9liorer son suivi<\/li>\n\n\n\n<li class=\" eplus-wrapper\">Guider les choix strat\u00e9giques<\/li>\n<\/ul>\n\n\n<p class=\" eplus-wrapper\">Responsabilit\u00e9s\u00a0:<\/p>\n\n\n<ul class=\" wp-block-list eplus-wrapper eplus-styles-uid-f82051\">\n<li class=\" eplus-wrapper\">Piloter des activit\u00e9s de diffusion, en assurant la coh\u00e9rence et la durabilit\u00e9 du projet<\/li>\n\n\n\n<li class=\" eplus-wrapper\">Mobiliser les acteurs strat\u00e9giques (gouvernements, communaut\u00e9s locales, parties prenantes, donateurs, associations, structures associ\u00e9es)<\/li>\n<\/ul><\/div>\n\n\n\n<div class=\"wp-block-column eplus-wrapper is-layout-flow wp-block-column-is-layout-flow\">\n<h6 class=\" wp-block-heading eplus-wrapper\"><strong>COMIT\u00c9 DE SUIVI SCIENTIFIQUE ET TECHNIQUE<\/strong><\/h6>\n\n\n\n<p class=\" eplus-wrapper\">R\u00f4les :<\/p>\n\n\n<ul class=\" wp-block-list eplus-wrapper eplus-styles-uid-1a0f2e\">\n<li class=\" eplus-wrapper\">Apporter la coh\u00e9rence des activit\u00e9s au projet<\/li>\n<\/ul>\n\n\n<p class=\" eplus-wrapper\">Responsabilit\u00e9s :<\/p>\n\n\n<ul class=\" wp-block-list eplus-wrapper eplus-styles-uid-325611\">\n<li class=\" eplus-wrapper\">Assurer la qualit\u00e9 des activit\u00e9s r\u00e9alis\u00e9es et la progression de la mise en \u0153uvre du plan de travail<\/li>\n<\/ul><\/div>\n<\/div>\n\n\n<div class=\"wp-block-uagb-container uagb-block-b958b524 alignfull uagb-is-root-container\"><div class=\"uagb-container-inner-blocks-wrap\">\n<div class=\"wp-block-uagb-container uagb-block-02e2e24a\">\n<h2 class=\" wp-block-heading eplus-wrapper\" id=\"unesco\">UNESCO<\/h2>\n\n\n\n<p class=\" eplus-wrapper\">Notre mission depuis 1945 est de construire la paix par la coop\u00e9ration internationale car c&rsquo;est le seul moyen de construire des ponts entre les nations. C&rsquo;est pourquoi, en tant que laboratoire d&rsquo;id\u00e9es, l&rsquo;UNESCO cherche \u00e0 offrir un large \u00e9ventail d&rsquo;expertise dans les domaines de l&rsquo;\u00e9ducation, des sciences et de la culture.<\/p>\n\n\n\n<p class=\" eplus-wrapper\">Les priorit\u00e9s globales de l&rsquo;UNESCO sont l&rsquo;Afrique et l&rsquo;\u00e9galit\u00e9 des genres. \u00c0 ce titre, l&rsquo;UNESCO et ses partenaires de d\u00e9veloppement sont attentifs \u00e0 ce que les 54 pays africains b\u00e9n\u00e9ficient d&rsquo;une strat\u00e9gie plus forte et mieux cibl\u00e9e. La Renaissance africaine est en marche, avec l&rsquo;adoption de l&rsquo;Agenda 2063 de l&rsquo;Union africaine et de l&rsquo;Agenda 2030 pour le d\u00e9veloppement durable qui pr\u00e9parent le terrain pour la Communaut\u00e9 \u00e9conomique africaine. \u00c0 cette fin, les communaut\u00e9s r\u00e9gionales consolident leurs liens.<\/p>\n<\/div>\n\n\n\n<div class=\"wp-block-uagb-container uagb-block-6c7a9515\">\n<p class=\" eplus-wrapper\"><\/p>\n\n\n\n<div class=\"wp-block-uagb-image uagb-block-8f44ac75 wp-block-uagb-image--layout-default wp-block-uagb-image--effect-zoomin wp-block-uagb-image--align-none\"><figure class=\"wp-block-uagb-image__figure\"><a class=\"\" href=\"https:\/\/www.unesco.org\/fr\" target=\"_blank\" rel=\"noreferrer noopener\"><img decoding=\"async\" srcset=\"https:\/\/www.biocom-madagascar.org\/wp-content\/uploads\/2022\/10\/UNESCO-LOGO-1024x987.png \" sizes=\"auto, (max-width: 480px) 150px\" src=\"https:\/\/www.biocom-madagascar.org\/wp-content\/uploads\/2022\/10\/UNESCO-LOGO-1024x987.png\" alt=\"\" class=\"uag-image-1741\" width=\"416\" height=\"343\" title=\"\" loading=\"lazy\"\/><\/a><\/figure><\/div>\n<\/div>\n<\/div><\/div>\n\n\n\n<div class=\"wp-block-uagb-container uagb-block-f50d2d53 alignfull uagb-is-root-container\"><div class=\"uagb-container-inner-blocks-wrap\">\n<div class=\"wp-block-uagb-container uagb-block-ed3ca937\">\n<h2 class=\" wp-block-heading eplus-wrapper\" id=\"koica\">KOICA<\/h2>\n\n\n\n<p class=\" eplus-wrapper\">L&rsquo;Agence cor\u00e9enne de coop\u00e9ration internationale (KOICA) a \u00e9t\u00e9 cr\u00e9\u00e9e en 1991 sous l&rsquo;\u00e9gide du minist\u00e8re des Affaires \u00e9trang\u00e8res de la R\u00e9publique de Cor\u00e9e afin de garantir l&rsquo;efficacit\u00e9 des programmes d&rsquo;aide. En partageant l&rsquo;exp\u00e9rience et le savoir-faire de la Cor\u00e9e en mati\u00e8re de d\u00e9veloppement avec ses pays partenaires, la KOICA vise \u00e0 lutter contre la pauvret\u00e9 dans le monde et \u00e0 soutenir le d\u00e9veloppement socio-\u00e9conomique durable dans les pays en d\u00e9veloppement, tout en renfor\u00e7ant les relations amicales entre la Cor\u00e9e et ces pays. <\/p>\n\n\n\n<p class=\" eplus-wrapper\">En faisant de la sant\u00e9, de l&rsquo;\u00e9ducation, de la gouvernance, de l&rsquo;agriculture et du d\u00e9veloppement rural, de la technologie, de l&rsquo;environnement et de l&rsquo;\u00e9nergie ses secteurs prioritaires, la KOICA met en \u0153uvre des programmes de subventions par le biais de ses projets de d\u00e9veloppement, de son programme d&rsquo;\u00e9change d&rsquo;exp\u00e9riences en mati\u00e8re de d\u00e9veloppement (DEEP), de ses programmes de volontariat international et de bourses d&rsquo;\u00e9tudes, de son aide d&rsquo;urgence, de sa coop\u00e9ration multilat\u00e9rale, etc. En 2021, le soutien de la KOICA s&rsquo;\u00e9l\u00e8vera \u00e0 environ 636 millions de dollars. \u00c0 l&rsquo;heure actuelle, la KOICA dispose de 47 bureaux nationaux dans le monde entier.<\/p>\n<\/div>\n\n\n\n<div class=\"wp-block-uagb-container uagb-block-08629ada\">\n<figure class=\" wp-block-image size-large eplus-wrapper\"><img loading=\"lazy\" decoding=\"async\" width=\"1024\" height=\"360\" src=\"https:\/\/www.biocom-madagascar.org\/fr\/wp-content\/uploads\/2024\/02\/KOREA-SHARING-HOPE-1024x360.jpg\" alt=\"\" class=\"wp-image-1349\" srcset=\"https:\/\/www.biocom-madagascar.org\/fr\/wp-content\/uploads\/2024\/02\/KOREA-SHARING-HOPE-1024x360.jpg 1024w, https:\/\/www.biocom-madagascar.org\/fr\/wp-content\/uploads\/2024\/02\/KOREA-SHARING-HOPE-300x105.jpg 300w, https:\/\/www.biocom-madagascar.org\/fr\/wp-content\/uploads\/2024\/02\/KOREA-SHARING-HOPE-768x270.jpg 768w, https:\/\/www.biocom-madagascar.org\/fr\/wp-content\/uploads\/2024\/02\/KOREA-SHARING-HOPE.jpg 1182w\" sizes=\"auto, (max-width: 1024px) 100vw, 1024px\" \/><\/figure>\n\n\n\n<p class=\" eplus-wrapper\"><\/p>\n\n\n\n<figure class=\" wp-block-image size-large eplus-wrapper\"><img loading=\"lazy\" decoding=\"async\" width=\"1024\" height=\"143\" src=\"https:\/\/www.biocom-madagascar.org\/fr\/wp-content\/uploads\/2024\/02\/\u2510A\u2563_\u2591iA\u256cA\u00b3-1024x143.png\" alt=\"\" class=\"wp-image-1350\" srcset=\"https:\/\/www.biocom-madagascar.org\/fr\/wp-content\/uploads\/2024\/02\/\u2510A\u2563_\u2591iA\u256cA\u00b3-1024x143.png 1024w, https:\/\/www.biocom-madagascar.org\/fr\/wp-content\/uploads\/2024\/02\/\u2510A\u2563_\u2591iA\u256cA\u00b3-300x42.png 300w, https:\/\/www.biocom-madagascar.org\/fr\/wp-content\/uploads\/2024\/02\/\u2510A\u2563_\u2591iA\u256cA\u00b3-768x107.png 768w, https:\/\/www.biocom-madagascar.org\/fr\/wp-content\/uploads\/2024\/02\/\u2510A\u2563_\u2591iA\u256cA\u00b3-1536x214.png 1536w, https:\/\/www.biocom-madagascar.org\/fr\/wp-content\/uploads\/2024\/02\/\u2510A\u2563_\u2591iA\u256cA\u00b3-2048x286.png 2048w\" sizes=\"auto, (max-width: 1024px) 100vw, 1024px\" \/><\/figure>\n<\/div>\n<\/div><\/div>\n","protected":false},"excerpt":{"rendered":"<p>Partenaires Gouvernement de Madagascar Pour mettre en \u0153uvre le projet BIOCOM, l&rsquo;UNESCO coop\u00e8re avec : Minist\u00e8re de l\u2019Environnement et du D\u00e9veloppement Durable (MEDD) Minist\u00e8re de l&rsquo;Education Nationale (MEN) Minist\u00e8re de l&rsquo;enseignement technique et de la formation professionnelle (MEFTP) Partenaires de mise en oeuvre Le projet BIOCOM est mis en \u0153uvre en collaboration avec : Madagascar &hellip;<\/p>\n<p class=\"read-more\"> <a class=\"\" href=\"https:\/\/www.biocom-madagascar.org\/fr\/partenaires\/\"> <span class=\"screen-reader-text\">Partenaires<\/span> Lire la suite \u00bb<\/a><\/p>\n","protected":false},"author":1,"featured_media":0,"parent":0,"menu_order":0,"comment_status":"closed","ping_status":"closed","template":"","meta":{"_editorskit_title_hidden":false,"_editorskit_reading_time":0,"_editorskit_is_block_options_detached":false,"_editorskit_block_options_position":"{}","_eb_attr":"","om_disable_all_campaigns":false,"_uag_custom_page_level_css":"","editor_plus_copied_stylings":"{}","_monsterinsights_skip_tracking":false,"_monsterinsights_sitenote_active":false,"_monsterinsights_sitenote_note":"","_monsterinsights_sitenote_category":0,"site-sidebar-layout":"no-sidebar","site-content-layout":"plain-container","ast-site-content-layout":"normal-width-container","site-content-style":"unboxed","site-sidebar-style":"unboxed","ast-global-header-display":"","ast-banner-title-visibility":"","ast-main-header-display":"","ast-hfb-above-header-display":"","ast-hfb-below-header-display":"","ast-hfb-mobile-header-display":"","site-post-title":"disabled","ast-breadcrumbs-content":"","ast-featured-img":"disabled","footer-sml-layout":"","theme-transparent-header-meta":"enabled","adv-header-id-meta":"","stick-header-meta":"","header-above-stick-meta":"","header-main-stick-meta":"","header-below-stick-meta":"","astra-migrate-meta-layouts":"set","ast-page-background-enabled":"default","ast-page-background-meta":{"desktop":{"background-color":"","background-image":"","background-repeat":"repeat","background-position":"center center","background-size":"auto","background-attachment":"scroll","background-type":"","background-media":"","overlay-type":"","overlay-color":"","overlay-gradient":""},"tablet":{"background-color":"","background-image":"","background-repeat":"repeat","background-position":"center center","background-size":"auto","background-attachment":"scroll","background-type":"","background-media":"","overlay-type":"","overlay-color":"","overlay-gradient":""},"mobile":{"background-color":"","background-image":"","background-repeat":"repeat","background-position":"center center","background-size":"auto","background-attachment":"scroll","background-type":"","background-media":"","overlay-type":"","overlay-color":"","overlay-gradient":""}},"ast-content-background-meta":{"desktop":{"background-color":"var(--ast-global-color-5)","background-image":"","background-repeat":"repeat","background-position":"center center","background-size":"auto","background-attachment":"scroll","background-type":"","background-media":"","overlay-type":"","overlay-color":"","overlay-gradient":""},"tablet":{"background-color":"var(--ast-global-color-5)","background-image":"","background-repeat":"repeat","background-position":"center center","background-size":"auto","background-attachment":"scroll","background-type":"","background-media":"","overlay-type":"","overlay-color":"","overlay-gradient":""},"mobile":{"background-color":"var(--ast-global-color-5)","background-image":"","background-repeat":"repeat","background-position":"center center","background-size":"auto","background-attachment":"scroll","background-type":"","background-media":"","overlay-type":"","overlay-color":"","overlay-gradient":""}},"footnotes":""},"class_list":["post-907","page","type-page","status-publish","hentry"],"aioseo_notices":[],"uagb_featured_image_src":{"full":false,"thumbnail":false,"medium":false,"medium_large":false,"large":false,"1536x1536":false,"2048x2048":false},"uagb_author_info":{"display_name":"BiocomMadagascar","author_link":"https:\/\/www.biocom-madagascar.org\/fr\/author\/biocommadagascar\/"},"uagb_comment_info":0,"uagb_excerpt":"Partenaires Gouvernement de Madagascar Pour mettre en \u0153uvre le projet BIOCOM, l&rsquo;UNESCO coop\u00e8re avec : Minist\u00e8re de l\u2019Environnement et du D\u00e9veloppement Durable (MEDD) Minist\u00e8re de l&rsquo;Education Nationale (MEN) Minist\u00e8re de l&rsquo;enseignement technique et de la formation professionnelle (MEFTP) Partenaires de mise en oeuvre Le projet BIOCOM est mis en \u0153uvre en collaboration avec : Madagascar\u2026","_links":{"self":[{"href":"https:\/\/www.biocom-madagascar.org\/fr\/wp-json\/wp\/v2\/pages\/907","targetHints":{"allow":["GET"]}}],"collection":[{"href":"https:\/\/www.biocom-madagascar.org\/fr\/wp-json\/wp\/v2\/pages"}],"about":[{"href":"https:\/\/www.biocom-madagascar.org\/fr\/wp-json\/wp\/v2\/types\/page"}],"author":[{"embeddable":true,"href":"https:\/\/www.biocom-madagascar.org\/fr\/wp-json\/wp\/v2\/users\/1"}],"replies":[{"embeddable":true,"href":"https:\/\/www.biocom-madagascar.org\/fr\/wp-json\/wp\/v2\/comments?post=907"}],"version-history":[{"count":39,"href":"https:\/\/www.biocom-madagascar.org\/fr\/wp-json\/wp\/v2\/pages\/907\/revisions"}],"predecessor-version":[{"id":1478,"href":"https:\/\/www.biocom-madagascar.org\/fr\/wp-json\/wp\/v2\/pages\/907\/revisions\/1478"}],"wp:attachment":[{"href":"https:\/\/www.biocom-madagascar.org\/fr\/wp-json\/wp\/v2\/media?parent=907"}],"curies":[{"name":"wp","href":"https:\/\/api.w.org\/{rel}","templated":true}]}}