{"id":909,"date":"2022-10-13T12:13:35","date_gmt":"2022-10-13T12:13:35","guid":{"rendered":"https:\/\/biocom-madagascar.org\/fr\/?page_id=909"},"modified":"2024-09-24T19:45:03","modified_gmt":"2024-09-24T19:45:03","slug":"sites-designes-par-l-unesco","status":"publish","type":"page","link":"https:\/\/www.biocom-madagascar.org\/fr\/sites-designes-par-l-unesco\/","title":{"rendered":"Sites D\u00e9sign\u00e9s Par l&rsquo;UNESCO"},"content":{"rendered":"\n<div class=\"wp-block-uagb-container uagb-block-7c77d61c alignfull uagb-is-root-container\"><div class=\"uagb-container-inner-blocks-wrap\">\n<div style=\"height:300px\" aria-hidden=\"true\" class=\" wp-block-spacer eplus-wrapper\"><\/div>\n\n\n\n<h1 class=\" wp-block-heading has-text-align-center has-ast-global-color-5-color has-text-color eplus-wrapper\" style=\"font-size:60px\">Sites D\u00e9sign\u00e9s par l&rsquo;UNESCO<\/h1>\n\n\n\n<div style=\"height:60px\" aria-hidden=\"true\" class=\" wp-block-spacer eplus-wrapper\"><\/div>\n\n\n\n<figure class=\" animated pulseGrow duration1 infinite eds-on-hover wp-block-image aligncenter size-full is-resized eplus-wrapper\"><a href=\"https:\/\/www.biocom-madagascar.org\/fr\/sites-designes-par-l-unesco\/#patrimoine-mondial\"><img decoding=\"async\" src=\"https:\/\/www.biocom-madagascar.org\/wp-content\/uploads\/2022\/10\/scroll-1-1.png\" alt=\"\" class=\"wp-image-1178\" style=\"width:50px;height:50px\"\/><\/a><\/figure>\n<\/div><\/div>\n\n\n\n<div class=\"wp-block-uagb-container uagb-block-5ee69c13 alignfull uagb-is-root-container\"><div class=\"uagb-container-inner-blocks-wrap\"><div class=\"wp-block-columns eplus-wrapper is-layout-flex wp-container-core-columns-is-layout-28f84493 wp-block-columns-is-layout-flex eplus-styles-uid-cecda7\">\n<div class=\"wp-block-column eplus-wrapper is-layout-flow wp-block-column-is-layout-flow\">\n<h2 class=\" wp-block-heading has-text-align-center eplus-wrapper\" id=\"patrimoine-mondial\">Patrimoine mondial<\/h2>\n\n\n<div class=\"wp-block-columns eplus-wrapper is-layout-flex wp-container-core-columns-is-layout-28f84493 wp-block-columns-is-layout-flex eplus-styles-uid-e1927a\">\n<div class=\"wp-block-column eplus-wrapper is-layout-flow wp-block-column-is-layout-flow\">\n<p class=\" eplus-wrapper\">Le patrimoine mondial de l&rsquo;UNESCO est la d\u00e9signation de lieux sur terre qui ont une <a href=\"https:\/\/whc.unesco.org\/fr\/compendium\/?&amp;&amp;Documents=1&amp;action=list&amp;id_faq_themes=962\">valeur universelle exceptionnelle<\/a> pour l&rsquo;humanit\u00e9 et qui, \u00e0 ce titre, ont \u00e9t\u00e9 inscrits sur la <a href=\"https:\/\/whc.unesco.org\/fr\/list\/\">Liste du patrimoine mondial<\/a> afin d&rsquo;\u00eatre prot\u00e9g\u00e9s pour que les g\u00e9n\u00e9rations futures puissent les appr\u00e9cier et en profiter. Cette d\u00e9signation est inscrite dans un trait\u00e9 international appel\u00e9 la <a href=\"https:\/\/whc.unesco.org\/fr\/conventiontexte\/\">Convention concernant la protection du patrimoine mondial, culturel et naturel<\/a>, adopt\u00e9e par l&rsquo;UNESCO en 1972.<\/p>\n\n\n\n<p class=\" eplus-wrapper\">Madagascar a ratifi\u00e9 la Convention de 1972 en 1983. Actuellement, le pays compte <a href=\"https:\/\/whc.unesco.org\/fr\/etatsparties\/mg\/\">3 biens<\/a> inscrits sur la Liste du patrimoine mondial\u00a0:<\/p>\n\n\n<ul class=\" wp-block-list eplus-wrapper eplus-styles-uid-0ac582\">\n<li class=\" eplus-wrapper\"><a href=\"https:\/\/whc.unesco.org\/fr\/list\/494\/\">For\u00eats s\u00e8ches de l\u2019Andrefana<\/a> (1990-2023)<\/li>\n\n\n\n<li class=\" eplus-wrapper\"><a href=\"https:\/\/whc.unesco.org\/fr\/list\/1257\/\">For\u00eats humides de l&rsquo;Atsinanana<\/a> (2001)<\/li>\n\n\n\n<li class=\" eplus-wrapper\"><a href=\"https:\/\/whc.unesco.org\/fr\/list\/950\/\">Colline royale d&rsquo;Ambohimanga<\/a> (2007)<\/li>\n<\/ul><\/div>\n<\/div>\n\n\n<figure class=\"wp-block-gallery has-nested-images columns-default is-cropped eplus-wrapper wp-block-gallery-1\">\n<figure class=\" wp-block-image size-large eplus-wrapper\"><img loading=\"lazy\" decoding=\"async\" width=\"750\" height=\"750\" data-id=\"1283\" src=\"https:\/\/www.biocom-madagascar.org\/fr\/wp-content\/uploads\/2023\/11\/Andrefana-Dry-forest.jpg\" alt=\"\" class=\"wp-image-1283\" srcset=\"https:\/\/www.biocom-madagascar.org\/fr\/wp-content\/uploads\/2023\/11\/Andrefana-Dry-forest.jpg 750w, https:\/\/www.biocom-madagascar.org\/fr\/wp-content\/uploads\/2023\/11\/Andrefana-Dry-forest-300x300.jpg 300w, https:\/\/www.biocom-madagascar.org\/fr\/wp-content\/uploads\/2023\/11\/Andrefana-Dry-forest-150x150.jpg 150w\" sizes=\"auto, (max-width: 750px) 100vw, 750px\" \/><figcaption class=\"wp-element-caption\">Tsingy de Bemaraha Strict Nature Reserve (Madagascar) <br>\u00a9 Evergreen<\/figcaption><\/figure>\n\n\n\n<figure class=\" wp-block-image size-large eplus-wrapper\"><img loading=\"lazy\" decoding=\"async\" width=\"750\" height=\"750\" data-id=\"1284\" src=\"https:\/\/www.biocom-madagascar.org\/fr\/wp-content\/uploads\/2023\/11\/Rainforests-of-Atsinanana.jpg\" alt=\"\" class=\"wp-image-1284\" srcset=\"https:\/\/www.biocom-madagascar.org\/fr\/wp-content\/uploads\/2023\/11\/Rainforests-of-Atsinanana.jpg 750w, https:\/\/www.biocom-madagascar.org\/fr\/wp-content\/uploads\/2023\/11\/Rainforests-of-Atsinanana-300x300.jpg 300w, https:\/\/www.biocom-madagascar.org\/fr\/wp-content\/uploads\/2023\/11\/Rainforests-of-Atsinanana-150x150.jpg 150w\" sizes=\"auto, (max-width: 750px) 100vw, 750px\" \/><figcaption class=\"wp-element-caption\">Rainforests of the Atsinanana (Madagascar)<br> \u00a9 IUCN<\/figcaption><\/figure>\n\n\n\n<figure class=\" wp-block-image size-large eplus-wrapper\"><img loading=\"lazy\" decoding=\"async\" width=\"750\" height=\"750\" data-id=\"1285\" src=\"https:\/\/www.biocom-madagascar.org\/fr\/wp-content\/uploads\/2023\/11\/Royal-Hill-of-Ambohimanga.jpg\" alt=\"\" class=\"wp-image-1285\" srcset=\"https:\/\/www.biocom-madagascar.org\/fr\/wp-content\/uploads\/2023\/11\/Royal-Hill-of-Ambohimanga.jpg 750w, https:\/\/www.biocom-madagascar.org\/fr\/wp-content\/uploads\/2023\/11\/Royal-Hill-of-Ambohimanga-300x300.jpg 300w, https:\/\/www.biocom-madagascar.org\/fr\/wp-content\/uploads\/2023\/11\/Royal-Hill-of-Ambohimanga-150x150.jpg 150w\" sizes=\"auto, (max-width: 750px) 100vw, 750px\" \/><figcaption class=\"wp-element-caption\">Royal Hill of Ambohimanga <br>\u00a9 OUR PLACE The World Heritage Collection<\/figcaption><\/figure>\n<\/figure>\n\n\n\n<div class=\"wp-block-uagb-buttons uagb-buttons__outer-wrap uagb-btn__default-btn uagb-btn-tablet__default-btn uagb-btn-mobile__default-btn uagb-block-3e395abe\"><div class=\"uagb-buttons__wrap uagb-buttons-layout-wrap\">\n<div class=\"wp-block-uagb-buttons-child uagb-buttons__outer-wrap uagb-block-7a0c8429 wp-block-button\"><div class=\"uagb-button__wrapper\"><a class=\"uagb-buttons-repeater wp-block-button__link\" href=\"https:\/\/whc.unesco.org\/fr\" onclick=\"return true;\" rel=\"follow noopener\" target=\"_blank\"><div class=\"uagb-button__link\">VISITer le SITE<\/div><\/a><\/div><\/div>\n<\/div><\/div>\n<\/div>\n<\/div><\/div><\/div>\n\n\n\n<div class=\"wp-block-uagb-container uagb-block-8b5fe2e1 alignfull uagb-is-root-container\"><div class=\"uagb-container-inner-blocks-wrap\"><div class=\"wp-block-columns eplus-wrapper is-layout-flex wp-container-core-columns-is-layout-28f84493 wp-block-columns-is-layout-flex eplus-styles-uid-ce8434\">\n<div class=\"wp-block-column eplus-wrapper is-layout-flow wp-block-column-is-layout-flow\">\n<h2 class=\" wp-block-heading has-text-align-center eplus-wrapper\" id=\"reserve-de-biosphere\">R\u00e9serve de biosph\u00e8re<\/h2>\n\n\n<div class=\"wp-block-columns eplus-wrapper is-layout-flex wp-container-core-columns-is-layout-28f84493 wp-block-columns-is-layout-flex eplus-styles-uid-d7b142\">\n<div class=\"wp-block-column eplus-wrapper is-layout-flow wp-block-column-is-layout-flow\">\n<p class=\" eplus-wrapper\">Les r\u00e9serves de biosph\u00e8re (RB) sont des \u00ab\u00a0lieux d&rsquo;apprentissage pour le d\u00e9veloppement durable\u00a0\u00bb. Elles permettent de tester des approches interdisciplinaires pour comprendre et g\u00e9rer les changements et les interactions entre les syst\u00e8mes sociaux et \u00e9cologiques, y compris la pr\u00e9vention des conflits et la gestion de la biodiversit\u00e9. Ce sont des lieux qui apportent des solutions locales aux d\u00e9fis mondiaux. Les r\u00e9serves de biosph\u00e8re comprennent des \u00e9cosyst\u00e8mes terrestres, marins et c\u00f4tiers. Chaque site promeut des solutions conciliant la conservation de la biodiversit\u00e9 et son utilisation durable.<\/p>\n\n\n\n<p class=\" eplus-wrapper\">Les r\u00e9serves de biosph\u00e8re impliquent les communaut\u00e9s locales et tous les acteurs int\u00e9ress\u00e9s dans la planification et la gestion.<\/p>\n\n\n\n<p class=\" eplus-wrapper\">Elles int\u00e8grent trois \u00ab\u00a0fonctions\u00a0\u00bb principales :<\/p>\n\n\n<ul class=\" wp-block-list eplus-wrapper eplus-styles-uid-f811a3\">\n<li class=\" eplus-wrapper\">La conservation de la biodiversit\u00e9 et de la diversit\u00e9 culturelle<\/li>\n\n\n\n<li class=\" eplus-wrapper\">D\u00e9veloppement \u00e9conomique durable d&rsquo;un point de vue socioculturel et environnemental<\/li>\n\n\n\n<li class=\" eplus-wrapper\">Soutien logistique au d\u00e9veloppement par la recherche, la surveillance, l&rsquo;\u00e9ducation et la formation<\/li>\n<\/ul><\/div>\n\n\n\n<div class=\"wp-block-column eplus-wrapper is-layout-flow wp-block-column-is-layout-flow\">\n<p class=\" eplus-wrapper\">Ces trois fonctions sont assur\u00e9es par les trois zones principales des r\u00e9serves de biosph\u00e8re :<\/p>\n\n\n<ul class=\" wp-block-list eplus-wrapper eplus-styles-uid-4deab8\">\n<li class=\" eplus-wrapper\"><strong>Aires centrales : <\/strong>elles comprennent une zone strictement prot\u00e9g\u00e9e qui contribue \u00e0 la conservation des paysages, des \u00e9cosyst\u00e8mes, des esp\u00e8ces et des variations g\u00e9n\u00e9tiques<\/li>\n\n\n\n<li class=\" eplus-wrapper\"><strong>Zones tampons : <\/strong>elles entourent ou jouxtent les aires centrales et sont utilis\u00e9es pour des activit\u00e9s compatibles avec des pratiques \u00e9cologiques saines qui peuvent renforcer la recherche scientifique, la surveillance, la formation et l&rsquo;\u00e9ducation<\/li>\n\n\n\n<li class=\" eplus-wrapper\"><strong>Aire de transition : <\/strong>l&rsquo;aire de transition est l&rsquo;endroit o\u00f9 les communaut\u00e9s encouragent des activit\u00e9s \u00e9conomiques et humaines durables d&rsquo;un point de vue socioculturel et \u00e9cologique<\/li>\n<\/ul>\n\n\n<p class=\" eplus-wrapper\"><strong>\u00c0 Madagascar, il existe 5 r\u00e9serves de biosph\u00e8re :<\/strong><\/p>\n\n\n<ul class=\" wp-block-list eplus-wrapper eplus-styles-uid-ed9cbc\">\n<li class=\" eplus-wrapper\"><a href=\"https:\/\/fr.unesco.org\/node\/303071\">RB de Mananara Nord<\/a><\/li>\n\n\n\n<li class=\" eplus-wrapper\"><a href=\"https:\/\/fr.unesco.org\/node\/303232\">RB de Sahamalaza-Iles Radama<\/a><\/li>\n\n\n\n<li class=\" eplus-wrapper\"><a href=\"https:\/\/fr.unesco.org\/node\/303237\">RB de Littoral de Toliara<\/a><\/li>\n\n\n\n<li class=\" eplus-wrapper\"><a href=\"https:\/\/fr.unesco.org\/node\/303072\">RB de Belo-sur-Mer Kirindy-Mite<\/a><\/li>\n\n\n\n<li class=\" eplus-wrapper\"><a href=\"https:\/\/fr.unesco.org\/biosphere-reserves\/madagascar\/tsimanampesotse\">RB de Tsimanampesotse &#8211; Nosy Ve Androka<\/a><\/li>\n<\/ul><\/div>\n<\/div>\n\n\n<div class=\"wp-block-uagb-buttons uagb-buttons__outer-wrap uagb-btn__default-btn uagb-btn-tablet__default-btn uagb-btn-mobile__default-btn uagb-block-09f936bb\"><div class=\"uagb-buttons__wrap uagb-buttons-layout-wrap\">\n<div class=\"wp-block-uagb-buttons-child uagb-buttons__outer-wrap uagb-block-5eae4c72 wp-block-button\"><div class=\"uagb-button__wrapper\"><a class=\"uagb-buttons-repeater wp-block-button__link\" href=\"https:\/\/fr.unesco.org\/biosphere\" onclick=\"return true;\" rel=\"follow noopener\" target=\"_blank\"><div class=\"uagb-button__link\">VISITer le SITE<\/div><\/a><\/div><\/div>\n<\/div><\/div>\n<\/div>\n<\/div><\/div><\/div>\n","protected":false},"excerpt":{"rendered":"<p>Sites D\u00e9sign\u00e9s par l&rsquo;UNESCO Patrimoine mondial Le patrimoine mondial de l&rsquo;UNESCO est la d\u00e9signation de lieux sur terre qui ont une valeur universelle exceptionnelle pour l&rsquo;humanit\u00e9 et qui, \u00e0 ce titre, ont \u00e9t\u00e9 inscrits sur la Liste du patrimoine mondial afin d&rsquo;\u00eatre prot\u00e9g\u00e9s pour que les g\u00e9n\u00e9rations futures puissent les appr\u00e9cier et en profiter. Cette &hellip;<\/p>\n<p class=\"read-more\"> <a class=\"\" href=\"https:\/\/www.biocom-madagascar.org\/fr\/sites-designes-par-l-unesco\/\"> <span class=\"screen-reader-text\">Sites D\u00e9sign\u00e9s Par l&rsquo;UNESCO<\/span> Lire la suite \u00bb<\/a><\/p>\n","protected":false},"author":1,"featured_media":0,"parent":0,"menu_order":0,"comment_status":"closed","ping_status":"closed","template":"","meta":{"_editorskit_title_hidden":false,"_editorskit_reading_time":2,"_editorskit_is_block_options_detached":false,"_editorskit_block_options_position":"{}","_eb_attr":"","om_disable_all_campaigns":false,"_uag_custom_page_level_css":"","editor_plus_copied_stylings":"{}","_monsterinsights_skip_tracking":false,"_monsterinsights_sitenote_active":false,"_monsterinsights_sitenote_note":"","_monsterinsights_sitenote_category":0,"site-sidebar-layout":"no-sidebar","site-content-layout":"plain-container","ast-site-content-layout":"normal-width-container","site-content-style":"unboxed","site-sidebar-style":"unboxed","ast-global-header-display":"","ast-banner-title-visibility":"","ast-main-header-display":"","ast-hfb-above-header-display":"","ast-hfb-below-header-display":"","ast-hfb-mobile-header-display":"","site-post-title":"disabled","ast-breadcrumbs-content":"","ast-featured-img":"disabled","footer-sml-layout":"","theme-transparent-header-meta":"enabled","adv-header-id-meta":"","stick-header-meta":"","header-above-stick-meta":"","header-main-stick-meta":"","header-below-stick-meta":"","astra-migrate-meta-layouts":"set","ast-page-background-enabled":"default","ast-page-background-meta":{"desktop":{"background-color":"","background-image":"","background-repeat":"repeat","background-position":"center center","background-size":"auto","background-attachment":"scroll","background-type":"","background-media":"","overlay-type":"","overlay-color":"","overlay-gradient":""},"tablet":{"background-color":"","background-image":"","background-repeat":"repeat","background-position":"center center","background-size":"auto","background-attachment":"scroll","background-type":"","background-media":"","overlay-type":"","overlay-color":"","overlay-gradient":""},"mobile":{"background-color":"","background-image":"","background-repeat":"repeat","background-position":"center center","background-size":"auto","background-attachment":"scroll","background-type":"","background-media":"","overlay-type":"","overlay-color":"","overlay-gradient":""}},"ast-content-background-meta":{"desktop":{"background-color":"var(--ast-global-color-5)","background-image":"","background-repeat":"repeat","background-position":"center center","background-size":"auto","background-attachment":"scroll","background-type":"","background-media":"","overlay-type":"","overlay-color":"","overlay-gradient":""},"tablet":{"background-color":"var(--ast-global-color-5)","background-image":"","background-repeat":"repeat","background-position":"center center","background-size":"auto","background-attachment":"scroll","background-type":"","background-media":"","overlay-type":"","overlay-color":"","overlay-gradient":""},"mobile":{"background-color":"var(--ast-global-color-5)","background-image":"","background-repeat":"repeat","background-position":"center center","background-size":"auto","background-attachment":"scroll","background-type":"","background-media":"","overlay-type":"","overlay-color":"","overlay-gradient":""}},"footnotes":""},"class_list":["post-909","page","type-page","status-publish","hentry"],"aioseo_notices":[],"uagb_featured_image_src":{"full":false,"thumbnail":false,"medium":false,"medium_large":false,"large":false,"1536x1536":false,"2048x2048":false},"uagb_author_info":{"display_name":"BiocomMadagascar","author_link":"https:\/\/www.biocom-madagascar.org\/fr\/author\/biocommadagascar\/"},"uagb_comment_info":0,"uagb_excerpt":"Sites D\u00e9sign\u00e9s par l&rsquo;UNESCO Patrimoine mondial Le patrimoine mondial de l&rsquo;UNESCO est la d\u00e9signation de lieux sur terre qui ont une valeur universelle exceptionnelle pour l&rsquo;humanit\u00e9 et qui, \u00e0 ce titre, ont \u00e9t\u00e9 inscrits sur la Liste du patrimoine mondial afin d&rsquo;\u00eatre prot\u00e9g\u00e9s pour que les g\u00e9n\u00e9rations futures puissent les appr\u00e9cier et en profiter. Cette\u2026","_links":{"self":[{"href":"https:\/\/www.biocom-madagascar.org\/fr\/wp-json\/wp\/v2\/pages\/909","targetHints":{"allow":["GET"]}}],"collection":[{"href":"https:\/\/www.biocom-madagascar.org\/fr\/wp-json\/wp\/v2\/pages"}],"about":[{"href":"https:\/\/www.biocom-madagascar.org\/fr\/wp-json\/wp\/v2\/types\/page"}],"author":[{"embeddable":true,"href":"https:\/\/www.biocom-madagascar.org\/fr\/wp-json\/wp\/v2\/users\/1"}],"replies":[{"embeddable":true,"href":"https:\/\/www.biocom-madagascar.org\/fr\/wp-json\/wp\/v2\/comments?post=909"}],"version-history":[{"count":19,"href":"https:\/\/www.biocom-madagascar.org\/fr\/wp-json\/wp\/v2\/pages\/909\/revisions"}],"predecessor-version":[{"id":1479,"href":"https:\/\/www.biocom-madagascar.org\/fr\/wp-json\/wp\/v2\/pages\/909\/revisions\/1479"}],"wp:attachment":[{"href":"https:\/\/www.biocom-madagascar.org\/fr\/wp-json\/wp\/v2\/media?parent=909"}],"curies":[{"name":"wp","href":"https:\/\/api.w.org\/{rel}","templated":true}]}}